{"id":1742,"date":"2024-09-24T22:13:07","date_gmt":"2024-09-25T03:13:07","guid":{"rendered":"https:\/\/insspecinc.rbwebstaging.com\/solicitar-una-devolucion-de-llamada\/"},"modified":"2025-02-24T11:14:36","modified_gmt":"2025-02-24T17:14:36","slug":"solicitar-una-devolucion-de-llamada","status":"publish","type":"page","link":"https:\/\/www.insspecinc.com\/es\/solicitar-una-devolucion-de-llamada\/","title":{"rendered":"Iniciar Mi Cotizaci\u00f3n"},"content":{"rendered":"<div class=\"fusion-fullwidth fullwidth-box fusion-builder-row-1 fusion-flex-container has-pattern-background has-mask-background nonhundred-percent-fullwidth non-hundred-percent-height-scrolling\" style=\"--awb-border-radius-top-left:0px;--awb-border-radius-top-right:0px;--awb-border-radius-bottom-right:0px;--awb-border-radius-bottom-left:0px;--awb-flex-wrap:wrap;\" ><div class=\"fusion-builder-row fusion-row fusion-flex-align-items-flex-start fusion-flex-content-wrap\" style=\"max-width:1248px;margin-left: calc(-4% \/ 2 );margin-right: calc(-4% \/ 2 );\"><div class=\"fusion-layout-column fusion_builder_column fusion-builder-column-0 fusion_builder_column_1_1 1_1 fusion-flex-column\" style=\"--awb-bg-size:cover;--awb-width-large:100%;--awb-margin-top-large:0px;--awb-spacing-right-large:1.92%;--awb-margin-bottom-large:20px;--awb-spacing-left-large:1.92%;--awb-width-medium:100%;--awb-order-medium:0;--awb-spacing-right-medium:1.92%;--awb-spacing-left-medium:1.92%;--awb-width-small:100%;--awb-order-small:0;--awb-spacing-right-small:1.92%;--awb-spacing-left-small:1.92%;\"><div class=\"fusion-column-wrapper fusion-column-has-shadow fusion-flex-justify-content-flex-start fusion-content-layout-column\"><div class=\"fusion-title title fusion-title-1 fusion-sep-none fusion-title-center fusion-title-text fusion-title-size-two\" style=\"--awb-margin-top-small:10px;--awb-margin-right-small:0px;--awb-margin-bottom-small:10px;--awb-margin-left-small:0px;\"><h2 class=\"fusion-title-heading title-heading-center\" style=\"margin:0;\">\u00a1Encuentre la cobertura que necesita hoy!<\/h2><\/div><div class=\"fusion-text fusion-text-1\"><p style=\"text-align: center;\">Use este formulario para cotizaciones SR-22, no propietarios, recreativas y comerciales. <a href=\"https:\/\/secure.consumerratequotes.com\/ConsumerV2?id=47837\" target=\"_blank\" rel=\"noopener\">Haga clic aqu\u00ed para autom\u00f3viles, vivienda o inquilinos.<\/a><br \/>\nRellena el formulario para enviarnos tus datos y uno de nuestros agentes se pondr\u00e1 en contacto contigo.<\/p>\n<\/div><\/div><\/div><div class=\"fusion-layout-column fusion_builder_column fusion-builder-column-1 fusion_builder_column_1_6 1_6 fusion-flex-column\" style=\"--awb-bg-size:cover;--awb-width-large:16.666666666667%;--awb-margin-top-large:0px;--awb-spacing-right-large:11.52%;--awb-margin-bottom-large:20px;--awb-spacing-left-large:11.52%;--awb-width-medium:16.666666666667%;--awb-order-medium:0;--awb-spacing-right-medium:11.52%;--awb-spacing-left-medium:11.52%;--awb-width-small:100%;--awb-order-small:0;--awb-spacing-right-small:1.92%;--awb-spacing-left-small:1.92%;\"><div class=\"fusion-column-wrapper fusion-column-has-shadow fusion-flex-justify-content-flex-start fusion-content-layout-column\"><\/div><\/div><div class=\"fusion-layout-column fusion_builder_column fusion-builder-column-2 fusion_builder_column_2_3 2_3 fusion-flex-column\" style=\"--awb-bg-size:cover;--awb-width-large:66.666666666667%;--awb-margin-top-large:0px;--awb-spacing-right-large:2.88%;--awb-margin-bottom-large:20px;--awb-spacing-left-large:2.88%;--awb-width-medium:66.666666666667%;--awb-order-medium:0;--awb-spacing-right-medium:2.88%;--awb-spacing-left-medium:2.88%;--awb-width-small:100%;--awb-order-small:0;--awb-spacing-right-small:1.92%;--awb-spacing-left-small:1.92%;\"><div class=\"fusion-column-wrapper fusion-column-has-shadow fusion-flex-justify-content-flex-start fusion-content-layout-column\"><div class=\"frm_forms  with_frm_style frm_style_formidable-style\" id=\"frm_form_5_container\" data-token=\"85a70e1e8d449f5a0c0d2cf44b5d80b6\">\n<form enctype=\"multipart\/form-data\" method=\"post\" class=\"frm-show-form  frm_js_validate  frm_ajax_submit  frm_pro_form \" id=\"form_request-call-back\" data-token=\"85a70e1e8d449f5a0c0d2cf44b5d80b6\">\n<div class=\"frm_form_fields \">\n<fieldset>\n<legend class=\"frm_screen_reader\">Obtenga una cotizaci\u00f3n - Paso 2<\/legend>\r\n\r\n<div class=\"frm_fields_container\">\n<input type=\"hidden\" name=\"frm_action\" value=\"create\" \/>\n<input type=\"hidden\" name=\"form_id\" value=\"5\" \/>\n<input type=\"hidden\" name=\"frm_hide_fields_5\" id=\"frm_hide_fields_5\" value=\"\" \/>\n<input type=\"hidden\" name=\"form_key\" value=\"request-call-back\" \/>\n<input type=\"hidden\" name=\"item_meta[0]\" value=\"\" \/>\n<input type=\"hidden\" id=\"frm_submit_entry_5\" name=\"frm_submit_entry_5\" value=\"81b79d912c\" \/><input type=\"hidden\" name=\"_wp_http_referer\" value=\"\/es\/wp-json\/wp\/v2\/pages\/1742\" \/><div id=\"frm_field_29_container\" class=\"frm_form_field form-field  frm_top_container\">\r\n\t<div  id=\"field_6liq_label\" class=\"frm_primary_label\">Nombre\r\n\t\t<span class=\"frm_required\" aria-hidden=\"true\"><\/span>\r\n\t<\/div>\r\n\t<fieldset aria-labelledby=\"field_6liq_label\">\n\t<legend class=\"frm_screen_reader frm_hidden\">\n\t\tNombre\t<\/legend>\n\n\t<div  class=\"frm_combo_inputs_container\" id=\"frm_combo_inputs_container_29\" data-name-layout=\"first_last\">\n\t\t\t\t\t<div\n\t\t\t\tid=\"frm_field_29-first_container\"\n\t\t\t\tclass=\"frm_form_field form-field frm_form_subfield-first  frm6\"\n\t\t\t\tdata-sub-field-name=\"first\"\n\t\t\t>\n\t\t\t\t<label for=\"field_6liq_first\" class=\"frm_screen_reader frm_hidden\">\n\t\t\t\t\tFirst\t\t\t\t<\/label>\n\n\t\t\t\t<input  type=\"text\" id=\"field_6liq_first\" value=\"\" name=\"item_meta[29][first]\" autocomplete=\"given-name\" data-invmsg=\"Nombre no es v\u00e1lido\" aria-invalid=\"false\"  \/><div class=\"frm_description\" id=\"frm_field_29_first_desc\">First<\/div>\t\t\t<\/div>\n\t\t\t\t\t\t<div\n\t\t\t\tid=\"frm_field_29-last_container\"\n\t\t\t\tclass=\"frm_form_field form-field frm_form_subfield-last  frm6\"\n\t\t\t\tdata-sub-field-name=\"last\"\n\t\t\t>\n\t\t\t\t<label for=\"field_6liq_last\" class=\"frm_screen_reader frm_hidden\">\n\t\t\t\t\tLast\t\t\t\t<\/label>\n\n\t\t\t\t<input  type=\"text\" id=\"field_6liq_last\" value=\"\" name=\"item_meta[29][last]\" autocomplete=\"family-name\" data-invmsg=\"Nombre no es v\u00e1lido\" aria-invalid=\"false\"  \/><div class=\"frm_description\" id=\"frm_field_29_last_desc\">Last<\/div>\t\t\t<\/div>\n\t\t\t\t<\/div>\n<\/fieldset>\n\r\n\t\r\n\t\r\n<\/div>\n<div id=\"frm_field_31_container\" class=\"frm_form_field form-field  frm_top_container frm6 frm_first\">\r\n\t<label for=\"field_shz5n2\" id=\"field_shz5n2_label\" class=\"frm_primary_label\">Correo electr\u00f3nico\r\n\t\t<span class=\"frm_required\" aria-hidden=\"true\"><\/span>\r\n\t<\/label>\r\n\t<input type=\"email\" id=\"field_shz5n2\" name=\"item_meta[31]\" value=\"\"  data-invmsg=\"Correo electr\u00f3nico is invalid\" aria-invalid=\"false\"  \/>\r\n\t\r\n\t\r\n<\/div>\n<div id=\"frm_field_30_container\" class=\"frm_form_field form-field  frm_top_container frm6\">\r\n\t<label for=\"field_mxff52\" id=\"field_mxff52_label\" class=\"frm_primary_label\">Tel\u00e9fono\r\n\t\t<span class=\"frm_required\" aria-hidden=\"true\"><\/span>\r\n\t<\/label>\r\n\t<input type=\"tel\" id=\"field_mxff52\" name=\"item_meta[30]\" value=\"\"  data-invmsg=\"Tel\u00e9fono is invalid\" aria-invalid=\"false\" pattern=\"((\\+\\d{1,3}(-|.| )?\\(?\\d\\)?(-| |.)?\\d{1,5})|(\\(?\\d{2,6}\\)?))(-|.| )?(\\d{3,4})(-|.| )?(\\d{4})(( x| ext)\\d{1,5}){0,1}$\"  \/>\r\n\t\r\n\t\r\n<\/div>\n<div id=\"frm_field_40_container\" class=\"frm_form_field form-field  frm_top_container frm4 frm_first vertical_radio\">\r\n\t<div  id=\"field_3y0zv_label\" class=\"frm_primary_label\">Servicio(s) de autom\u00f3vil\r\n\t\t<span class=\"frm_required\" aria-hidden=\"true\"><\/span>\r\n\t<\/div>\r\n\t<div class=\"frm_opt_container\" aria-labelledby=\"field_3y0zv_label\" role=\"group\">\t\t<div class=\"frm_checkbox\" id=\"frm_checkbox_40-1\">\t\t\t<label  for=\"field_3y0zv-1\">\n\t\t\t<input type=\"checkbox\" name=\"item_meta[40][]\" id=\"field_3y0zv-1\" value=\"SR-22\"  data-invmsg=\"Servicio(s) de autom\u00f3vil no es v\u00e1lido\"   \/> SR-22<\/label><\/div>\n\t\t<div class=\"frm_checkbox\" id=\"frm_checkbox_40-2\">\t\t\t<label  for=\"field_3y0zv-2\">\n\t\t\t<input type=\"checkbox\" name=\"item_meta[40][]\" id=\"field_3y0zv-2\" value=\"Non Owners\"  data-invmsg=\"Servicio(s) de autom\u00f3vil no es v\u00e1lido\"   \/> No propietarios<\/label><\/div>\n<\/div>\r\n\t\r\n\t\r\n<\/div>\n<div id=\"frm_field_58_container\" class=\"frm_form_field form-field  frm_top_container frm4 vertical_radio\">\r\n\t<div  id=\"field_gllqw_label\" class=\"frm_primary_label\">Servicio(s) recreativo(s)\r\n\t\t<span class=\"frm_required\" aria-hidden=\"true\"><\/span>\r\n\t<\/div>\r\n\t<div class=\"frm_opt_container\" aria-labelledby=\"field_gllqw_label\" role=\"group\">\t\t<div class=\"frm_checkbox\" id=\"frm_checkbox_58-0\">\t\t\t<label  for=\"field_gllqw-0\">\n\t\t\t<input type=\"checkbox\" name=\"item_meta[58][]\" id=\"field_gllqw-0\" value=\"Motorcycle\"  data-invmsg=\"Servicio(s) recreativo(s) no es v\u00e1lido\"   \/> Motocicleta<\/label><\/div>\n\t\t<div class=\"frm_checkbox\" id=\"frm_checkbox_58-1\">\t\t\t<label  for=\"field_gllqw-1\">\n\t\t\t<input type=\"checkbox\" name=\"item_meta[58][]\" id=\"field_gllqw-1\" value=\"ATV \/ UTV\"  data-invmsg=\"Servicio(s) recreativo(s) no es v\u00e1lido\"   \/> ATV \/ UTV<\/label><\/div>\n\t\t<div class=\"frm_checkbox\" id=\"frm_checkbox_58-2\">\t\t\t<label  for=\"field_gllqw-2\">\n\t\t\t<input type=\"checkbox\" name=\"item_meta[58][]\" id=\"field_gllqw-2\" value=\"Travel Trailer \/ RV\"  data-invmsg=\"Servicio(s) recreativo(s) no es v\u00e1lido\"   \/> Remolque de viaje\/RV<\/label><\/div>\n\t\t<div class=\"frm_checkbox\" id=\"frm_checkbox_58-3\">\t\t\t<label  for=\"field_gllqw-3\">\n\t\t\t<input type=\"checkbox\" name=\"item_meta[58][]\" id=\"field_gllqw-3\" value=\"Boat \/ Watercraft\"  data-invmsg=\"Servicio(s) recreativo(s) no es v\u00e1lido\"   \/> Barco\/Embarcaci\u00f3n<\/label><\/div>\n<\/div>\r\n\t\r\n\t\r\n<\/div>\n<div id=\"frm_field_57_container\" class=\"frm_form_field form-field  frm_top_container frm4 vertical_radio\">\r\n\t<div  id=\"field_k8422_label\" class=\"frm_primary_label\">Servicio(s) Comercial(es)\r\n\t\t<span class=\"frm_required\" aria-hidden=\"true\"><\/span>\r\n\t<\/div>\r\n\t<div class=\"frm_opt_container\" aria-labelledby=\"field_k8422_label\" role=\"group\">\t\t<div class=\"frm_checkbox\" id=\"frm_checkbox_57-0\">\t\t\t<label  for=\"field_k8422-0\">\n\t\t\t<input type=\"checkbox\" name=\"item_meta[57][]\" id=\"field_k8422-0\" value=\"Contractors General Liability\"  data-invmsg=\"Servicio(s) Comercial(es) no es v\u00e1lido\"   \/> Responsabilidad General de Contratistas<\/label><\/div>\n\t\t<div class=\"frm_checkbox\" id=\"frm_checkbox_57-1\">\t\t\t<label  for=\"field_k8422-1\">\n\t\t\t<input type=\"checkbox\" name=\"item_meta[57][]\" id=\"field_k8422-1\" value=\"Commercial Auto\"  data-invmsg=\"Servicio(s) Comercial(es) no es v\u00e1lido\"   \/> Auto comercial<\/label><\/div>\n\t\t<div class=\"frm_checkbox\" id=\"frm_checkbox_57-2\">\t\t\t<label  for=\"field_k8422-2\">\n\t\t\t<input type=\"checkbox\" name=\"item_meta[57][]\" id=\"field_k8422-2\" value=\"Commercial General Liability\"  data-invmsg=\"Servicio(s) Comercial(es) no es v\u00e1lido\"   \/> Responsabilidad General Comercial<\/label><\/div>\n\t\t<div class=\"frm_checkbox\" id=\"frm_checkbox_57-3\">\t\t\t<label  for=\"field_k8422-3\">\n\t\t\t<input type=\"checkbox\" name=\"item_meta[57][]\" id=\"field_k8422-3\" value=\"Business Owner Insurance\"  data-invmsg=\"Servicio(s) Comercial(es) no es v\u00e1lido\"   \/> Seguro para propietarios de empresas<\/label><\/div>\n\t\t<div class=\"frm_checkbox\" id=\"frm_checkbox_57-4\">\t\t\t<label  for=\"field_k8422-4\">\n\t\t\t<input type=\"checkbox\" name=\"item_meta[57][]\" id=\"field_k8422-4\" value=\"Trucking Insurance\"  data-invmsg=\"Servicio(s) Comercial(es) no es v\u00e1lido\"   \/> Seguro de camiones<\/label><\/div>\n\t\t<div class=\"frm_checkbox\" id=\"frm_checkbox_57-5\">\t\t\t<label  for=\"field_k8422-5\">\n\t\t\t<input type=\"checkbox\" name=\"item_meta[57][]\" id=\"field_k8422-5\" value=\"Bonds\"  data-invmsg=\"Servicio(s) Comercial(es) no es v\u00e1lido\"   \/> Cautiverio<\/label><\/div>\n<\/div>\r\n\t\r\n\t\r\n<\/div>\n<div id=\"frm_field_38_container\" class=\"frm_form_field form-field  frm_top_container frm6 frm_first\">\r\n\t<label for=\"field_j8qzk\" id=\"field_j8qzk_label\" class=\"frm_primary_label\">M\u00e9todo de contacto preferido\r\n\t\t<span class=\"frm_required\" aria-hidden=\"true\"><\/span>\r\n\t<\/label>\r\n\t\t\t<select name=\"item_meta[38]\" id=\"field_j8qzk\"  data-invmsg=\"M\u00e9todo de contacto preferido no es v\u00e1lido\" aria-invalid=\"false\"  >\n\t\t<option  value=\"Phone\">Tel\u00e9fono<\/option><option  value=\"Email\">Correo electr\u00f3nico<\/option><option  value=\"Text\">Texto<\/option>\t<\/select>\n\t\r\n\t\r\n\t\r\n<\/div>\n<div id=\"frm_field_39_container\" class=\"frm_form_field form-field  frm_top_container frm6\">\r\n\t<label for=\"field_4ofp0\" id=\"field_4ofp0_label\" class=\"frm_primary_label\">Mejor momento para contactar\r\n\t\t<span class=\"frm_required\" aria-hidden=\"true\"><\/span>\r\n\t<\/label>\r\n\t<input  type=\"text\" id=\"field_4ofp0\" name=\"item_meta[39]\" value=\"\"  data-invmsg=\"Mejor momento para contactar is invalid\" aria-invalid=\"false\"   \/>\r\n\t\r\n\t\r\n<\/div>\n<div id=\"frm_field_33_container\" class=\"frm_form_field form-field  frm_top_container\">\r\n\t<label for=\"field_t39np2\" id=\"field_t39np2_label\" class=\"frm_primary_label\">Comentarios\r\n\t\t<span class=\"frm_required\" aria-hidden=\"true\"><\/span>\r\n\t<\/label>\r\n\t<textarea name=\"item_meta[33]\" id=\"field_t39np2\" rows=\"5\"  data-invmsg=\"Comentarios no es v\u00e1lido\" aria-invalid=\"false\"  ><\/textarea>\r\n\t\r\n\t\r\n<\/div>\n<div id=\"frm_field_54_container\" class=\"frm_form_field form-field  frm_top_container vertical_radio\">\r\n\t<div  id=\"field_by17i_label\" class=\"frm_primary_label\">Mensajes de texto\r\n\t\t<span class=\"frm_required\" aria-hidden=\"true\"><\/span>\r\n\t<\/div>\r\n\t<div class=\"frm_opt_container\" aria-labelledby=\"field_by17i_label\" role=\"radiogroup\">\t\t<div class=\"frm_radio\" id=\"frm_radio_54-0\">\t\t\t<label  for=\"field_by17i-0\">\n\t\t\t\t\t<input type=\"radio\" name=\"item_meta[54]\" id=\"field_by17i-0\" value=\"Yes, I agree to receive text messages from The Insurance Specialists Inc. regarding my insurance quotes, policy updates, and other related services. Message and data rates may apply. You can opt-out at any time.\"\n\t\t data-invmsg=\"Mensajes de texto no es v\u00e1lido\"   \/> S\u00ed, acepto recibir mensajes de texto de The Insurance Specialists Inc. sobre mis cotizaciones de seguros, actualizaciones de p\u00f3lizas y otros servicios relacionados. Es posible que se apliquen tarifas de mensajes y datos. Puede darse de baja en cualquier momento.<\/label><\/div>\n\t\t<div class=\"frm_radio\" id=\"frm_radio_54-1\">\t\t\t<label  for=\"field_by17i-1\">\n\t\t\t\t\t<input type=\"radio\" name=\"item_meta[54]\" id=\"field_by17i-1\" value=\"No, I do not wish to receive text messages from The Insurance Specialists Inc. I understand that I may still receive communications via email or phone.\"\n\t\t data-invmsg=\"Mensajes de texto no es v\u00e1lido\"   \/> No, no deseo recibir mensajes de texto de The Insurance Specialists Inc. Entiendo que a\u00fan puedo recibir comunicaciones por correo electr\u00f3nico o por tel\u00e9fono.<\/label><\/div>\n<\/div>\r\n\t\r\n\t\r\n<\/div>\n<div id=\"frm_field_55_container\" class=\"frm_form_field  frm_html_container form-field\">S\u00ed, usted acepta recibir mensajes de texto automatizados y no automatizados. Puede optar por no participar respondiendo 'STOP' a cualquier mensaje.<\/div>\n<div id=\"frm_field_56_container\" class=\"frm_form_field form-field  frm_none_container\">\r\n\t<label for=\"g-recaptcha-response\" id=\"field_hjn2s_label\" class=\"frm_primary_label\">Captcha\r\n\t\t<span class=\"frm_required\" aria-hidden=\"true\"><\/span>\r\n\t<\/label>\r\n\t<div  id=\"field_hjn2s\" class=\"g-recaptcha\" data-sitekey=\"6LeqxFMqAAAAAFiAH_sNhoV9mFZqgwCW1-ZgMz8s\" data-size=\"normal\" data-theme=\"light\"><\/div>\r\n\t\r\n\t\r\n<\/div>\n<div id=\"frm_field_34_container\" class=\"frm_form_field form-field \">\r\n\t<div class=\"frm_submit frm_flex\">\r\n<button class=\"frm_button_submit frm_final_submit\" type=\"submit\"   formnovalidate=\"formnovalidate\">Entregar<\/button>\r\n\r\n\r\n\r\n<\/div>\r\n<\/div>\n\t<input type=\"hidden\" name=\"item_key\" value=\"\" \/>\n\t\t\t<div id=\"frm_field_60_container\">\n\t\t\t<label for=\"field_d0sxi\" >\n\t\t\t\tSi eres humano, deja este campo en blanco.\t\t\t<\/label>\n\t\t\t<input  id=\"field_d0sxi\" type=\"text\" class=\"frm_form_field form-field frm_verify\" name=\"item_meta[60]\" value=\"\"  \/>\n\t\t<\/div>\n\t\t<input name=\"frm_state\" type=\"hidden\" value=\"HCDcldqcmYnwioUUTZFJdZnbHmQHnuxj8eZoyLutFD\/M\/l5q8kwXroSNBozeBara\" \/><\/div>\n<\/fieldset>\n<\/div>\n\n<\/form>\n<\/div>\n<div class=\"fusion-text fusion-text-2\" style=\"--awb-font-size:14px;--awb-text-color:var(--awb-color3);--awb-text-font-family:&quot;Open Sans&quot;;--awb-text-font-style:normal;--awb-text-font-weight:400;\"><p><strong>Aviso importante<\/strong><\/p>\n<p>Cualquier env\u00edo o pago realizado a trav\u00e9s de este sitio web no constituye un acuerdo vinculante para su p\u00f3liza o coberturas. Los cambios y pagos a las p\u00f3lizas no son efectivos ni vinculantes hasta que usted, o cualquier parte involucrada, reciba una notificaci\u00f3n oficial de su agente de seguros o de su compa\u00f1\u00eda de seguros. Si tiene alguna pregunta, no dude <a href=\"https:\/\/www.insspecinc.com\/es\/acerca-de\/contactenos\/\">en contactarnos<\/a>.  <\/p>\n<p>De acuerdo con los t\u00e9rminos de nuestra <a href=\"https:\/\/www.insspecinc.com\/es\/politica-de-privacidad\/\">pol\u00edtica de privacidad<\/a> en l\u00ednea, no revenderemos su informaci\u00f3n a ning\u00fan tercero.<\/p>\n<\/div>\n<\/div><\/div><div class=\"fusion-layout-column fusion_builder_column fusion-builder-column-3 fusion_builder_column_1_6 1_6 fusion-flex-column\" style=\"--awb-bg-size:cover;--awb-width-large:16.666666666667%;--awb-margin-top-large:0px;--awb-spacing-right-large:11.52%;--awb-margin-bottom-large:20px;--awb-spacing-left-large:11.52%;--awb-width-medium:16.666666666667%;--awb-order-medium:0;--awb-spacing-right-medium:11.52%;--awb-spacing-left-medium:11.52%;--awb-width-small:100%;--awb-order-small:0;--awb-spacing-right-small:1.92%;--awb-spacing-left-small:1.92%;\"><div class=\"fusion-column-wrapper fusion-column-has-shadow fusion-flex-justify-content-flex-start fusion-content-layout-column\"><\/div><\/div><\/div><\/div>\n","protected":false},"excerpt":{"rendered":"","protected":false},"author":1,"featured_media":0,"parent":0,"menu_order":8,"comment_status":"closed","ping_status":"closed","template":"100-width.php","meta":{"footnotes":""},"class_list":["post-1742","page","type-page","status-publish","hentry"],"_links":{"self":[{"href":"https:\/\/www.insspecinc.com\/es\/wp-json\/wp\/v2\/pages\/1742","targetHints":{"allow":["GET"]}}],"collection":[{"href":"https:\/\/www.insspecinc.com\/es\/wp-json\/wp\/v2\/pages"}],"about":[{"href":"https:\/\/www.insspecinc.com\/es\/wp-json\/wp\/v2\/types\/page"}],"author":[{"embeddable":true,"href":"https:\/\/www.insspecinc.com\/es\/wp-json\/wp\/v2\/users\/1"}],"replies":[{"embeddable":true,"href":"https:\/\/www.insspecinc.com\/es\/wp-json\/wp\/v2\/comments?post=1742"}],"version-history":[{"count":3,"href":"https:\/\/www.insspecinc.com\/es\/wp-json\/wp\/v2\/pages\/1742\/revisions"}],"predecessor-version":[{"id":2797,"href":"https:\/\/www.insspecinc.com\/es\/wp-json\/wp\/v2\/pages\/1742\/revisions\/2797"}],"wp:attachment":[{"href":"https:\/\/www.insspecinc.com\/es\/wp-json\/wp\/v2\/media?parent=1742"}],"curies":[{"name":"wp","href":"https:\/\/api.w.org\/{rel}","templated":true}]}}