{"id":1774,"date":"2024-08-23T15:41:07","date_gmt":"2024-08-23T20:41:07","guid":{"rendered":"https:\/\/insspecinc.rbwebstaging.com\/politica-de-privacidad\/"},"modified":"2025-02-19T13:42:23","modified_gmt":"2025-02-19T19:42:23","slug":"politica-de-privacidad","status":"publish","type":"page","link":"https:\/\/www.insspecinc.com\/es\/politica-de-privacidad\/","title":{"rendered":"Pol\u00edtica de privacidad"},"content":{"rendered":"<p><strong>Pol\u00edtica de privacidad<\/strong><\/p>\n<p>Respetamos su privacidad y nos comprometemos a proteger la informaci\u00f3n de identificaci\u00f3n personal que pueda proporcionarnos a trav\u00e9s de este sitio web. Hemos adoptado esta Pol\u00edtica de Privacidad para explicar qu\u00e9 informaci\u00f3n se puede recopilar en nuestro sitio web, c\u00f3mo usamos esta informaci\u00f3n y bajo qu\u00e9 circunstancias podemos divulgar la informaci\u00f3n a terceros. Esta Pol\u00edtica de privacidad se aplica solo a la informaci\u00f3n que recopilamos a trav\u00e9s del sitio web y no se aplica a nuestra recopilaci\u00f3n de informaci\u00f3n de otras fuentes.  <\/p>\n<p>Esta Pol\u00edtica de Privacidad, junto con los T\u00e9rminos y condiciones publicados en nuestro sitio web, establece las reglas y pol\u00edticas generales que rigen el uso de nuestro sitio web. Dependiendo de sus actividades al visitar nuestro sitio web, es posible que deba aceptar t\u00e9rminos y condiciones adicionales. <\/p>\n<p><strong>Visitantes del sitio web<\/strong><\/p>\n<p>Al igual que la mayor\u00eda de los operadores de sitios web, recopilamos informaci\u00f3n de identificaci\u00f3n no personal del tipo que los navegadores y servidores web suelen poner a disposici\u00f3n, como el tipo de navegador, la preferencia de idioma, el sitio de referencia y la fecha y hora de cada solicitud de visitante. Nuestro prop\u00f3sito al recopilar informaci\u00f3n de identificaci\u00f3n no personal es comprender mejor c\u00f3mo nuestros visitantes utilizan su sitio web. <\/p>\n<p>Tambi\u00e9n recopilamos informaci\u00f3n de identificaci\u00f3n personal potencial, como las direcciones de Protocolo de Internet (IP) de los usuarios que han iniciado sesi\u00f3n y de los usuarios que dejan comentarios en las publicaciones del blog. Solo divulgamos las direcciones IP de los usuarios registrados y de los comentaristas en las mismas circunstancias en las que utiliza y divulga informaci\u00f3n de identificaci\u00f3n personal como se describe a continuaci\u00f3n. <\/p>\n<p><strong>Recopilaci\u00f3n de informaci\u00f3n de identificaci\u00f3n personal<\/strong><\/p>\n<p>Ciertos visitantes de nuestro sitio web eligen interactuar con nosotros de maneras que pueden requerir que recopilemos informaci\u00f3n de identificaci\u00f3n personal. La cantidad y el tipo de informaci\u00f3n que recopilamos dependen de la naturaleza de la interacci\u00f3n. Por ejemplo, pedimos a los visitantes que se suscriben a un bolet\u00edn informativo que proporcionen un nombre y una direcci\u00f3n de correo electr\u00f3nico.  <\/p>\n<p><strong>Privacidad de suscripci\u00f3n de SMS<\/strong><\/p>\n<p>En The Insurance Specialists Inc, estamos comprometidos a proteger su privacidad. Queremos asegurarle que todos los n\u00fameros de tel\u00e9fono proporcionados como parte del proceso de suscripci\u00f3n de SMS solo se utilizar\u00e1n para enviar informaci\u00f3n relevante y actualizaciones seg\u00fan lo solicitado. No vendemos, alquilamos ni compartimos los n\u00fameros de tel\u00e9fono recopilados a trav\u00e9s de la suscripci\u00f3n de SMS para ning\u00fan prop\u00f3sito, incluido el marketing de terceros.  <\/p>\n<p>Su informaci\u00f3n personal, incluido su n\u00famero de tel\u00e9fono, se almacena de forma segura y tomamos las precauciones necesarias para garantizar que permanezca privada. Puede optar por no recibir nuestros mensajes SMS en cualquier momento siguiendo las instrucciones proporcionadas en los mensajes. <\/p>\n<p>Para obtener m\u00e1s informaci\u00f3n sobre nuestros t\u00e9rminos de uso de SMS, consulte nuestros T\u00e9rminos de SMS.<\/p>\n<p>Podemos divulgar cualquier informaci\u00f3n del usuario si es necesario para cumplir con la ley; para hacer cumplir o aplicar los T\u00e9rminos y Condiciones del Sitio Web; o bajo la creencia de buena fe de que la divulgaci\u00f3n es necesaria o aconsejable, incluyendo, sin limitaci\u00f3n, para proteger los derechos, propiedades o seguridad de nosotros o nuestros usuarios.<\/p>\n<p><strong>Seguridad<\/strong><\/p>\n<p>La seguridad de su informaci\u00f3n personal es importante para nosotros, pero recuerde que ning\u00fan m\u00e9todo de transmisi\u00f3n a trav\u00e9s de Internet o m\u00e9todo de almacenamiento electr\u00f3nico es 100% seguro. Si bien nos esforzamos por utilizar medios comercialmente aceptables para proteger su informaci\u00f3n personal, no podemos garantizar su seguridad absoluta. <\/p>\n<p><strong>Enlaces a sitios externos<\/strong><\/p>\n<p>Nuestro Servicio puede contener enlaces a sitios externos que no son operados por nosotros. Si hace clic en un enlace de terceros, se le dirigir\u00e1 al sitio de ese tercero. Le recomendamos encarecidamente que revise la Pol\u00edtica de privacidad y los t\u00e9rminos y condiciones de cada sitio que visite.  <\/p>\n<p>No tenemos control ni asumimos ninguna responsabilidad por el contenido, las pol\u00edticas de privacidad o las pr\u00e1cticas de los sitios, productos o servicios de terceros.<\/p>\n<p><strong>Estad\u00edsticas agregadas<\/strong><\/p>\n<p>Podemos recopilar estad\u00edsticas sobre el comportamiento de los visitantes de nuestro sitio web. Es posible que mostremos esta informaci\u00f3n p\u00fablicamente o que la proporcionemos a otros. Sin embargo, no divulgamos su informaci\u00f3n de identificaci\u00f3n personal.  <\/p>\n<p><strong>Cambios en la Pol\u00edtica de Privacidad<\/strong><\/p>\n<p>Aunque es probable que la mayor\u00eda de los cambios sean menores, es posible que cambiemos nuestra Pol\u00edtica de privacidad de vez en cuando y a nuestra entera discreci\u00f3n. Animamos a los visitantes a consultar con frecuencia esta p\u00e1gina para ver si hay cambios en la Pol\u00edtica de privacidad. Su uso continuado de este sitio despu\u00e9s de cualquier cambio en esta Pol\u00edtica de Privacidad constituir\u00e1 su aceptaci\u00f3n de dicho cambio.  <\/p>\n<p><strong>Informaci\u00f3n de contacto<\/strong><\/p>\n<p>Si todav\u00eda est\u00e1 buscando m\u00e1s informaci\u00f3n, puede ponerse en contacto con nosotros utilizando la siguiente informaci\u00f3n:<\/p>\n<p>Los Especialistas en Seguros Inc.<br \/>\n514 E Euclid Ave.<br \/>\nDes Moines, IA 50313<br \/>\n<a class=\"keychainify-checked\" href=\"tel:515-280-1207\">515-280-1207<\/a><\/p>\n","protected":false},"excerpt":{"rendered":"<p>Pol\u00edtica de privacidad Respetamos su privacidad y nos comprometemos a proteger la informaci\u00f3n de identificaci\u00f3n personal que pueda proporcionarnos a trav\u00e9s de este sitio web. Hemos adoptado esta  [&#8230;]<\/p>\n","protected":false},"author":1,"featured_media":0,"parent":0,"menu_order":9,"comment_status":"closed","ping_status":"open","template":"","meta":{"footnotes":""},"class_list":["post-1774","page","type-page","status-publish","hentry"],"_links":{"self":[{"href":"https:\/\/www.insspecinc.com\/es\/wp-json\/wp\/v2\/pages\/1774","targetHints":{"allow":["GET"]}}],"collection":[{"href":"https:\/\/www.insspecinc.com\/es\/wp-json\/wp\/v2\/pages"}],"about":[{"href":"https:\/\/www.insspecinc.com\/es\/wp-json\/wp\/v2\/types\/page"}],"author":[{"embeddable":true,"href":"https:\/\/www.insspecinc.com\/es\/wp-json\/wp\/v2\/users\/1"}],"replies":[{"embeddable":true,"href":"https:\/\/www.insspecinc.com\/es\/wp-json\/wp\/v2\/comments?post=1774"}],"version-history":[{"count":0,"href":"https:\/\/www.insspecinc.com\/es\/wp-json\/wp\/v2\/pages\/1774\/revisions"}],"wp:attachment":[{"href":"https:\/\/www.insspecinc.com\/es\/wp-json\/wp\/v2\/media?parent=1774"}],"curies":[{"name":"wp","href":"https:\/\/api.w.org\/{rel}","templated":true}]}}