{"id":2557,"date":"2024-08-29T12:02:53","date_gmt":"2024-08-29T17:02:53","guid":{"rendered":"https:\/\/www.insspecinc.com\/acerca-de\/contactenos\/"},"modified":"2025-02-24T14:01:09","modified_gmt":"2025-02-24T20:01:09","slug":"contactenos","status":"publish","type":"page","link":"https:\/\/www.insspecinc.com\/es\/acerca-de\/contactenos\/","title":{"rendered":"Cont\u00e1ctenos"},"content":{"rendered":"<p><div class=\"fusion-fullwidth fullwidth-box fusion-builder-row-1 fusion-flex-container has-pattern-background has-mask-background hundred-percent-fullwidth non-hundred-percent-height-scrolling\" style=\"--awb-border-radius-top-left:0px;--awb-border-radius-top-right:0px;--awb-border-radius-bottom-right:0px;--awb-border-radius-bottom-left:0px;--awb-padding-top:0px;--awb-padding-bottom:0px;--awb-margin-top:0px;--awb-margin-bottom:0px;--awb-flex-wrap:wrap;\" ><div class=\"fusion-builder-row fusion-row fusion-flex-align-items-flex-start fusion-flex-content-wrap\" style=\"width:104% !important;max-width:104% !important;margin-left: calc(-4% \/ 2 );margin-right: calc(-4% \/ 2 );\"><div class=\"fusion-layout-column fusion_builder_column fusion-builder-column-0 fusion_builder_column_1_1 1_1 fusion-flex-column\" style=\"--awb-bg-size:cover;--awb-width-large:100%;--awb-margin-top-large:0px;--awb-spacing-right-large:1.92%;--awb-margin-bottom-large:20px;--awb-spacing-left-large:1.92%;--awb-width-medium:100%;--awb-order-medium:0;--awb-spacing-right-medium:1.92%;--awb-spacing-left-medium:1.92%;--awb-width-small:100%;--awb-order-small:0;--awb-spacing-right-small:1.92%;--awb-spacing-left-small:1.92%;\"><div class=\"fusion-column-wrapper fusion-column-has-shadow fusion-flex-justify-content-flex-start fusion-content-layout-column\"><iframe src=\"https:\/\/www.google.com\/maps\/embed?pb=!1m14!1m8!1m3!1d11929.135770021656!2d-93.6117967!3d41.6279936!3m2!1i1024!2i768!4f13.1!3m3!1m2!1s0x87ee9a21b1f3ca2d:0x813363b4745e5388!2sThe%20Insurance%20Specialists%20Inc!5e0!3m2!1sen!2sph!4v1726727431308!5m2!1sen!2sph\" height=\"450\" style=\"border:0;width:100%\" allowfullscreen=\"\" loading=\"lazy\" referrerpolicy=\"no-referrer-when-downgrade\"><\/iframe><\/div><\/div><\/div><\/div><div class=\"fusion-fullwidth fullwidth-box fusion-builder-row-2 fusion-flex-container has-pattern-background has-mask-background nonhundred-percent-fullwidth non-hundred-percent-height-scrolling\" style=\"--awb-border-radius-top-left:0px;--awb-border-radius-top-right:0px;--awb-border-radius-bottom-right:0px;--awb-border-radius-bottom-left:0px;--awb-margin-top:40px;--awb-flex-wrap:wrap;\" ><div class=\"fusion-builder-row fusion-row fusion-flex-align-items-flex-start fusion-flex-content-wrap\" style=\"max-width:1248px;margin-left: calc(-4% \/ 2 );margin-right: calc(-4% \/ 2 );\"><div class=\"fusion-layout-column fusion_builder_column fusion-builder-column-1 fusion_builder_column_1_3 1_3 fusion-flex-column\" style=\"--awb-bg-size:cover;--awb-width-large:33.333333333333%;--awb-margin-top-large:0px;--awb-spacing-right-large:5.76%;--awb-margin-bottom-large:20px;--awb-spacing-left-large:5.76%;--awb-width-medium:33.333333333333%;--awb-order-medium:0;--awb-spacing-right-medium:5.76%;--awb-spacing-left-medium:5.76%;--awb-width-small:100%;--awb-order-small:0;--awb-spacing-right-small:1.92%;--awb-spacing-left-small:1.92%;\"><div class=\"fusion-column-wrapper fusion-column-has-shadow fusion-flex-justify-content-flex-start fusion-content-layout-column\"><div class=\"fusion-title title fusion-title-1 fusion-sep-none fusion-title-text fusion-title-size-three\" style=\"--awb-text-color:var(--awb-color2);--awb-margin-bottom:10px;--awb-margin-top-small:10px;--awb-margin-right-small:0px;--awb-margin-bottom-small:10px;--awb-margin-left-small:0px;--awb-font-size:28px;\"><h3 class=\"fusion-title-heading title-heading-left\" style=\"font-family:&quot;Inter&quot;;font-style:normal;font-weight:400;margin:0;font-size:1em;\">Ubicaci\u00f3n<\/h3><\/div><ul style=\"--awb-iconcolor:var(--awb-color3);--awb-textcolor:var(--awb-color2);--awb-line-height:27.2px;--awb-icon-width:27.2px;--awb-icon-height:27.2px;--awb-icon-margin:11.2px;--awb-content-margin:38.4px;\" class=\"fusion-checklist fusion-checklist-1 fusion-checklist-default type-icons\"><li class=\"fusion-li-item\" style=\"\"><span class=\"icon-wrapper circle-no\"><i class=\"fusion-li-icon fa-building fas\" aria-hidden=\"true\"><\/i><\/span><div class=\"fusion-li-item-content\">\n<p>Los Especialistas en Seguros Inc.<br \/>\n514 E Euclid Ave.<br \/>\nDes Moines, IA 50313<\/p>\n<\/div><\/li><li class=\"fusion-li-item\" style=\"\"><span class=\"icon-wrapper circle-no\"><i class=\"fusion-li-icon fa-phone-alt fas\" aria-hidden=\"true\"><\/i><\/span><div class=\"fusion-li-item-content\">\n<p><a href=\"tel:515-280-1207\">515-280-1207<\/a><\/p>\n<\/div><\/li><\/ul><div class=\"fusion-title title fusion-title-2 fusion-sep-none fusion-title-text fusion-title-size-three\" style=\"--awb-text-color:var(--awb-color2);--awb-margin-top:25px;--awb-margin-bottom:10px;--awb-margin-top-small:10px;--awb-margin-right-small:0px;--awb-margin-bottom-small:10px;--awb-margin-left-small:0px;--awb-font-size:28px;\"><h3 class=\"fusion-title-heading title-heading-left\" style=\"font-family:&quot;Inter&quot;;font-style:normal;font-weight:400;margin:0;font-size:1em;\">Horario de oficina<\/h3><\/div><ul style=\"--awb-size:16px;--awb-iconcolor:#666;--awb-textcolor:#333;--awb-line-height:23.8px;--awb-icon-width:23.8px;--awb-icon-height:23.8px;--awb-icon-margin:9.8px;--awb-content-margin:33.6px;\" class=\"fusion-checklist fusion-checklist-2 fusion-checklist-default type-icons\">\n\n<li class=\"fusion-li-item\" style=\"\"><span class=\"icon-wrapper circle-no\"><i class=\"fusion-li-icon fa-clock fas\" aria-hidden=\"true\"><\/i><\/span><div class=\"fusion-li-item-content\">Lunes: 9:00 AM - 5:00 PM<\/div><\/li>\n<li class=\"fusion-li-item\" style=\"\"><span class=\"icon-wrapper circle-no\"><i class=\"fusion-li-icon fa-clock fas\" aria-hidden=\"true\"><\/i><\/span><div class=\"fusion-li-item-content\">Mar: 9:00 AM - 5:00 PM<\/div><\/li>\n<li class=\"fusion-li-item\" style=\"\"><span class=\"icon-wrapper circle-no\"><i class=\"fusion-li-icon fa-clock fas\" aria-hidden=\"true\"><\/i><\/span><div class=\"fusion-li-item-content\">Mi\u00e9: 9:00 AM - 5:00 PM<\/div><\/li>\n<li class=\"fusion-li-item\" style=\"\"><span class=\"icon-wrapper circle-no\"><i class=\"fusion-li-icon fa-clock fas\" aria-hidden=\"true\"><\/i><\/span><div class=\"fusion-li-item-content\">jueves: 9:00 - 17:00<\/div><\/li>\n<li class=\"fusion-li-item\" style=\"\"><span class=\"icon-wrapper circle-no\"><i class=\"fusion-li-icon fa-clock fas\" aria-hidden=\"true\"><\/i><\/span><div class=\"fusion-li-item-content\">Viernes: 9:00 AM - 5:00 PM<\/div><\/li>\n\n<li class=\"fusion-li-item\" style=\"\"><span class=\"icon-wrapper circle-no\"><i class=\"fusion-li-icon fa-clock fas\" aria-hidden=\"true\"><\/i><\/span><div class=\"fusion-li-item-content\">S\u00e1bados y domingos: Cerrado<\/div><\/li>\n\n<\/ul><\/div><\/div><div class=\"fusion-layout-column fusion_builder_column fusion-builder-column-2 fusion_builder_column_1_2 1_2 fusion-flex-column\" style=\"--awb-padding-top:20px;--awb-padding-right:20px;--awb-padding-bottom:20px;--awb-padding-left:20px;--awb-overflow:hidden;--awb-bg-size:cover;--awb-border-color:var(--awb-color5);--awb-border-top:1px;--awb-border-right:1px;--awb-border-bottom:1px;--awb-border-left:1px;--awb-border-style:solid;--awb-border-radius:10px 10px 10px 10px;--awb-width-large:50%;--awb-margin-top-large:0px;--awb-spacing-right-large:3.84%;--awb-margin-bottom-large:20px;--awb-spacing-left-large:3.84%;--awb-width-medium:50%;--awb-order-medium:0;--awb-spacing-right-medium:3.84%;--awb-spacing-left-medium:3.84%;--awb-width-small:100%;--awb-order-small:0;--awb-spacing-right-small:1.92%;--awb-spacing-left-small:1.92%;\"><div class=\"fusion-column-wrapper fusion-column-has-shadow fusion-flex-justify-content-flex-start fusion-content-layout-column\"><div class=\"fusion-title title fusion-title-3 fusion-sep-none fusion-title-text fusion-title-size-three\" style=\"--awb-text-color:var(--awb-color2);--awb-margin-top-small:10px;--awb-margin-right-small:0px;--awb-margin-bottom-small:10px;--awb-margin-left-small:0px;--awb-font-size:28px;\"><h3 class=\"fusion-title-heading title-heading-left\" style=\"font-family:&quot;Inter&quot;;font-style:normal;font-weight:400;margin:0;font-size:1em;\">Comentarios o preguntas<\/h3><\/div><div class=\"frm_forms  with_frm_style frm_style_formidable-style\" id=\"frm_form_1_container\" data-token=\"85a70e1e8d449f5a0c0d2cf44b5d80b6\">\n<form enctype=\"multipart\/form-data\" method=\"post\" class=\"frm-show-form  frm_js_validate  frm_ajax_submit  frm_pro_form \" id=\"form_contact-form\" data-token=\"85a70e1e8d449f5a0c0d2cf44b5d80b6\">\n<div class=\"frm_form_fields \">\n<fieldset>\n<legend class=\"frm_screen_reader\">Contacta con nosotros<\/legend>\r\n\r\n<div class=\"frm_fields_container\">\n<input type=\"hidden\" name=\"frm_action\" value=\"create\" \/>\n<input type=\"hidden\" name=\"form_id\" value=\"1\" \/>\n<input type=\"hidden\" name=\"frm_hide_fields_1\" id=\"frm_hide_fields_1\" value=\"\" \/>\n<input type=\"hidden\" name=\"form_key\" value=\"contact-form\" \/>\n<input type=\"hidden\" name=\"item_meta[0]\" value=\"\" \/>\n<input type=\"hidden\" id=\"frm_submit_entry_1\" name=\"frm_submit_entry_1\" value=\"81b79d912c\" \/><input type=\"hidden\" name=\"_wp_http_referer\" value=\"\/es\/wp-json\/wp\/v2\/pages\/2557\" \/><div id=\"frm_field_1_container\" class=\"frm_form_field form-field  frm_required_field frm_top_container frm_first frm_half\">\r\n\t<label for=\"field_qh4icy\" id=\"field_qh4icy_label\" class=\"frm_primary_label\">Nombre\r\n\t\t<span class=\"frm_required\" aria-hidden=\"true\">*<\/span>\r\n\t<\/label>\r\n\t<input  type=\"text\" id=\"field_qh4icy\" name=\"item_meta[1]\" value=\"\"  data-reqmsg=\"Nombre cannot be blank.\" aria-required=\"true\" data-invmsg=\"Nombre is invalid\" aria-invalid=\"false\"   aria-describedby=\"frm_desc_field_qh4icy\" \/>\r\n\t<div class=\"frm_description\" id=\"frm_desc_field_qh4icy\">Primero<\/div>\r\n\t\r\n<\/div>\n<div id=\"frm_field_2_container\" class=\"frm_form_field form-field  frm_required_field frm_hidden_container frm_half\">\r\n\t<label for=\"field_ocfup1\" id=\"field_ocfup1_label\" class=\"frm_primary_label\">\u00daltimo\r\n\t\t<span class=\"frm_required\" aria-hidden=\"true\">*<\/span>\r\n\t<\/label>\r\n\t<input  type=\"text\" id=\"field_ocfup1\" name=\"item_meta[2]\" value=\"\"  data-reqmsg=\"\u00daltimo cannot be blank.\" aria-required=\"true\" data-invmsg=\"\u00daltimo is invalid\" aria-invalid=\"false\"   aria-describedby=\"frm_desc_field_ocfup1\" \/>\r\n\t<div class=\"frm_description\" id=\"frm_desc_field_ocfup1\">\u00daltimo<\/div>\r\n\t\r\n<\/div>\n<div id=\"frm_field_28_container\" class=\"frm_form_field form-field  frm_required_field frm_top_container\">\r\n\t<label for=\"field_wdafp\" id=\"field_wdafp_label\" class=\"frm_primary_label\">Tel\u00e9fono\r\n\t\t<span class=\"frm_required\" aria-hidden=\"true\">*<\/span>\r\n\t<\/label>\r\n\t<input type=\"tel\" id=\"field_wdafp\" name=\"item_meta[28]\" value=\"\"  data-reqmsg=\"Tel\u00e9fono cannot be blank.\" aria-required=\"true\" data-invmsg=\"Tel\u00e9fono is invalid\" aria-invalid=\"false\" pattern=\"((\\+\\d{1,3}(-|.| )?\\(?\\d\\)?(-| |.)?\\d{1,5})|(\\(?\\d{2,6}\\)?))(-|.| )?(\\d{3,4})(-|.| )?(\\d{4})(( x| ext)\\d{1,5}){0,1}$\"  \/>\r\n\t\r\n\t\r\n<\/div>\n<div id=\"frm_field_3_container\" class=\"frm_form_field form-field  frm_required_field frm_top_container frm_full\">\r\n\t<label for=\"field_29yf4d\" id=\"field_29yf4d_label\" class=\"frm_primary_label\">Correo electr\u00f3nico\r\n\t\t<span class=\"frm_required\" aria-hidden=\"true\">*<\/span>\r\n\t<\/label>\r\n\t<input type=\"email\" id=\"field_29yf4d\" name=\"item_meta[3]\" value=\"\"  data-reqmsg=\"Correo electr\u00f3nico cannot be blank.\" aria-required=\"true\" data-invmsg=\"Please enter a valid email address\" aria-invalid=\"false\"  \/>\r\n\t\r\n\t\r\n<\/div>\n<div id=\"frm_field_5_container\" class=\"frm_form_field form-field  frm_required_field frm_top_container frm_full\">\r\n\t<label for=\"field_9jv0r1\" id=\"field_9jv0r1_label\" class=\"frm_primary_label\">Mensaje\r\n\t\t<span class=\"frm_required\" aria-hidden=\"true\">*<\/span>\r\n\t<\/label>\r\n\t<textarea name=\"item_meta[5]\" id=\"field_9jv0r1\" rows=\"5\"  data-reqmsg=\"Mensaje cannot be blank.\" aria-required=\"true\" data-invmsg=\"Mensaje no es v\u00e1lido\" aria-invalid=\"false\"  ><\/textarea>\r\n\t\r\n\t\r\n<\/div>\n<div id=\"frm_field_45_container\" class=\"frm_form_field form-field  frm_top_container vertical_radio\">\r\n\t<div  id=\"field_s5jl5_label\" class=\"frm_primary_label\">M\u00e9todo de contacto preferido\r\n\t\t<span class=\"frm_required\" aria-hidden=\"true\"><\/span>\r\n\t<\/div>\r\n\t<div class=\"frm_opt_container\" aria-labelledby=\"field_s5jl5_label\" role=\"radiogroup\">\t\t<div class=\"frm_radio\" id=\"frm_radio_45-0\">\t\t\t<label  for=\"field_s5jl5-0\">\n\t\t\t\t\t<input type=\"radio\" name=\"item_meta[45]\" id=\"field_s5jl5-0\" value=\"Text\"\n\t\t data-invmsg=\"M\u00e9todo de contacto preferido no es v\u00e1lido\"   \/> Texto<\/label><\/div>\n\t\t<div class=\"frm_radio\" id=\"frm_radio_45-1\">\t\t\t<label  for=\"field_s5jl5-1\">\n\t\t\t\t\t<input type=\"radio\" name=\"item_meta[45]\" id=\"field_s5jl5-1\" value=\"Phone Call\"\n\t\t data-invmsg=\"M\u00e9todo de contacto preferido no es v\u00e1lido\"   \/> Llamada telef\u00f3nica<\/label><\/div>\n\t\t<div class=\"frm_radio\" id=\"frm_radio_45-2\">\t\t\t<label  for=\"field_s5jl5-2\">\n\t\t\t\t\t<input type=\"radio\" name=\"item_meta[45]\" id=\"field_s5jl5-2\" value=\"Email\"\n\t\t data-invmsg=\"M\u00e9todo de contacto preferido no es v\u00e1lido\"   \/> Correo electr\u00f3nico<\/label><\/div>\n<\/div>\r\n\t\r\n\t\r\n<\/div>\n<div id=\"frm_field_46_container\" class=\"frm_form_field form-field  frm_top_container vertical_radio\">\r\n\t<div  id=\"field_bay95_label\" class=\"frm_primary_label\">Mensajes de texto\r\n\t\t<span class=\"frm_required\" aria-hidden=\"true\"><\/span>\r\n\t<\/div>\r\n\t<div class=\"frm_opt_container\" aria-labelledby=\"field_bay95_label\" role=\"radiogroup\">\t\t<div class=\"frm_radio\" id=\"frm_radio_46-0\">\t\t\t<label  for=\"field_bay95-0\">\n\t\t\t\t\t<input type=\"radio\" name=\"item_meta[46]\" id=\"field_bay95-0\" value=\"Yes, I agree to receive text messages from The Insurance Specialists Inc. regarding my insurance quotes, policy updates, and other related services. Message and data rates may apply. You can opt-out at any time.\"\n\t\t data-invmsg=\"Mensajes de texto no es v\u00e1lido\"   \/> S\u00ed, acepto recibir mensajes de texto de The Insurance Specialists Inc. sobre mis cotizaciones de seguros, actualizaciones de p\u00f3lizas y otros servicios relacionados. Es posible que se apliquen tarifas de mensajes y datos. Puede darse de baja en cualquier momento.<\/label><\/div>\n\t\t<div class=\"frm_radio\" id=\"frm_radio_46-1\">\t\t\t<label  for=\"field_bay95-1\">\n\t\t\t\t\t<input type=\"radio\" name=\"item_meta[46]\" id=\"field_bay95-1\" value=\"No, I do not wish to receive text messages from The Insurance Specialists Inc. I understand that I may still receive communications via email or phone.\"\n\t\t data-invmsg=\"Mensajes de texto no es v\u00e1lido\"   \/> No, no deseo recibir mensajes de texto de The Insurance Specialists Inc. Entiendo que a\u00fan puedo recibir comunicaciones por correo electr\u00f3nico o por tel\u00e9fono.<\/label><\/div>\n<\/div>\r\n\t\r\n\t\r\n<\/div>\n<div id=\"frm_field_48_container\" class=\"frm_form_field  frm_html_container form-field\">Al seleccionar \"S\u00ed\", usted acepta recibir mensajes de texto automatizados y no automatizados. Puede optar por no participar respondiendo 'STOP' a cualquier mensaje.<\/div>\n<div id=\"frm_field_47_container\" class=\"frm_form_field form-field  frm_none_container\">\r\n\t<label for=\"g-recaptcha-response\" id=\"field_mvhny_label\" class=\"frm_primary_label\">Captcha\r\n\t\t<span class=\"frm_required\" aria-hidden=\"true\"><\/span>\r\n\t<\/label>\r\n\t<div  id=\"field_mvhny\" class=\"g-recaptcha\" data-sitekey=\"6LeqxFMqAAAAAFiAH_sNhoV9mFZqgwCW1-ZgMz8s\" data-size=\"normal\" data-theme=\"light\"><\/div>\r\n\t\r\n\t\r\n<\/div>\n<div id=\"frm_field_6_container\" class=\"frm_form_field form-field \">\r\n\t<div class=\"frm_submit frm_flex\">\r\n<button class=\"frm_button_submit frm_final_submit\" type=\"submit\"   formnovalidate=\"formnovalidate\">Entregar<\/button>\r\n\r\n\r\n\r\n<\/div>\r\n<\/div>\n\t<input type=\"hidden\" name=\"item_key\" value=\"\" \/>\n\t\t\t<div id=\"frm_field_60_container\">\n\t\t\t<label for=\"field_5nqe1\" >\n\t\t\t\tSi eres humano, deja este campo en blanco.\t\t\t<\/label>\n\t\t\t<input  id=\"field_5nqe1\" type=\"text\" class=\"frm_form_field form-field frm_verify\" name=\"item_meta[60]\" value=\"\"  \/>\n\t\t<\/div>\n\t\t<input name=\"frm_state\" type=\"hidden\" value=\"HCDcldqcmYnwioUUTZFJdf\/lPFjHwITsU7W6\/1ojrAjM\/l5q8kwXroSNBozeBara\" \/><\/div>\n<\/fieldset>\n<\/div>\n\n<\/form>\n<\/div>\n<div class=\"fusion-text fusion-text-1\" style=\"--awb-font-size:14px;--awb-text-color:var(--awb-color3);--awb-text-font-family:&quot;Open Sans&quot;;--awb-text-font-style:normal;--awb-text-font-weight:400;\"><p><strong>Aviso importante<\/strong><\/p>\n<p>Cualquier env\u00edo o pago realizado a trav\u00e9s de este sitio web no constituye un acuerdo vinculante para su p\u00f3liza o coberturas. Los cambios y pagos a las p\u00f3lizas no son efectivos ni vinculantes hasta que usted, o cualquier parte involucrada, reciba una notificaci\u00f3n oficial de su agente de seguros o de su compa\u00f1\u00eda de seguros. Si tiene alguna pregunta, no dude <a href=\"https:\/\/www.insspecinc.com\/es\/acerca-de\/contactenos\/\">en contactarnos<\/a>.  <\/p>\n<p>De acuerdo con los t\u00e9rminos de nuestra <a href=\"https:\/\/www.insspecinc.com\/es\/politica-de-privacidad\/\">pol\u00edtica de privacidad<\/a> en l\u00ednea, no revenderemos su informaci\u00f3n a ning\u00fan tercero.<\/p>\n<\/div>\n<\/div><\/div><\/div><\/div><\/p>\n","protected":false},"excerpt":{"rendered":"","protected":false},"author":1,"featured_media":0,"parent":1738,"menu_order":4,"comment_status":"closed","ping_status":"closed","template":"100-width.php","meta":{"footnotes":""},"class_list":["post-2557","page","type-page","status-publish","hentry"],"_links":{"self":[{"href":"https:\/\/www.insspecinc.com\/es\/wp-json\/wp\/v2\/pages\/2557","targetHints":{"allow":["GET"]}}],"collection":[{"href":"https:\/\/www.insspecinc.com\/es\/wp-json\/wp\/v2\/pages"}],"about":[{"href":"https:\/\/www.insspecinc.com\/es\/wp-json\/wp\/v2\/types\/page"}],"author":[{"embeddable":true,"href":"https:\/\/www.insspecinc.com\/es\/wp-json\/wp\/v2\/users\/1"}],"replies":[{"embeddable":true,"href":"https:\/\/www.insspecinc.com\/es\/wp-json\/wp\/v2\/comments?post=2557"}],"version-history":[{"count":3,"href":"https:\/\/www.insspecinc.com\/es\/wp-json\/wp\/v2\/pages\/2557\/revisions"}],"predecessor-version":[{"id":2990,"href":"https:\/\/www.insspecinc.com\/es\/wp-json\/wp\/v2\/pages\/2557\/revisions\/2990"}],"up":[{"embeddable":true,"href":"https:\/\/www.insspecinc.com\/es\/wp-json\/wp\/v2\/pages\/1738"}],"wp:attachment":[{"href":"https:\/\/www.insspecinc.com\/es\/wp-json\/wp\/v2\/media?parent=2557"}],"curies":[{"name":"wp","href":"https:\/\/api.w.org\/{rel}","templated":true}]}}