{"id":2558,"date":"2024-08-29T15:39:29","date_gmt":"2024-08-29T20:39:29","guid":{"rendered":"https:\/\/www.insspecinc.com\/para-clientes\/pagos\/"},"modified":"2025-02-19T13:29:45","modified_gmt":"2025-02-19T19:29:45","slug":"pagos","status":"publish","type":"page","link":"https:\/\/www.insspecinc.com\/es\/para-clientes\/pagos\/","title":{"rendered":"Pagos"},"content":{"rendered":"<div class=\"fusion-fullwidth fullwidth-box fusion-builder-row-1 fusion-flex-container has-pattern-background has-mask-background nonhundred-percent-fullwidth non-hundred-percent-height-scrolling\" style=\"--awb-border-radius-top-left:0px;--awb-border-radius-top-right:0px;--awb-border-radius-bottom-right:0px;--awb-border-radius-bottom-left:0px;--awb-flex-wrap:wrap;\" ><div class=\"fusion-builder-row fusion-row fusion-flex-align-items-flex-start fusion-flex-content-wrap\" style=\"max-width:1248px;margin-left: calc(-4% \/ 2 );margin-right: calc(-4% \/ 2 );\"><div class=\"fusion-layout-column fusion_builder_column fusion-builder-column-0 fusion_builder_column_1_1 1_1 fusion-flex-column\" style=\"--awb-bg-size:cover;--awb-width-large:100%;--awb-margin-top-large:0px;--awb-spacing-right-large:1.92%;--awb-margin-bottom-large:20px;--awb-spacing-left-large:1.92%;--awb-width-medium:100%;--awb-order-medium:0;--awb-spacing-right-medium:1.92%;--awb-spacing-left-medium:1.92%;--awb-width-small:100%;--awb-order-small:0;--awb-spacing-right-small:1.92%;--awb-spacing-left-small:1.92%;\"><div class=\"fusion-column-wrapper fusion-column-has-shadow fusion-flex-justify-content-flex-start fusion-content-layout-column\"><div class=\"fusion-title title fusion-title-1 fusion-sep-none fusion-title-text fusion-title-size-two\" style=\"--awb-margin-top-small:10px;--awb-margin-right-small:0px;--awb-margin-bottom-small:10px;--awb-margin-left-small:0px;--awb-font-size:32px;\"><h2 class=\"fusion-title-heading title-heading-left\" style=\"margin:0;font-size:1em;\"><strong>Hacer un pago en l\u00ednea<\/strong><\/h2><\/div><div class=\"fusion-text fusion-text-1\"><p><span data-contrast=\"auto\">Las compa\u00f1\u00edas de seguros que se enumeran a continuaci\u00f3n ofrecen opciones de pago f\u00e1ciles como EFT (transferencia electr\u00f3nica de fondos), cheque electr\u00f3nico o tarjeta de cr\u00e9dito. Hacer pagos r\u00e1pidos en l\u00ednea puede ayudarte a evitar lapsos de cobertura y ahorrar tiempo. <\/span><span data-ccp-props=\"{\"> <\/span><\/p>\n<p><span data-contrast=\"auto\">Si tiene preguntas sobre su factura o necesita realizar un pago, simplemente haga clic en su compa\u00f1\u00eda de seguros a continuaci\u00f3n. Pueden estar disponibles incluso cuando nosotros no lo estamos. Por supuesto, tambi\u00e9n se <a href=\"https:\/\/www.insspecinc.com\/es\/acerca-de\/contactenos\/\">comunica con nuestra oficina<\/a> para obtener ayuda con preguntas sobre facturaci\u00f3n.    <\/span><span data-ccp-props=\"{\"> <\/span><\/p>\n<\/div><\/div><\/div><div class=\"fusion-layout-column fusion_builder_column fusion-builder-column-1 fusion_builder_column_1_1 1_1 fusion-flex-column\" style=\"--awb-bg-size:cover;--awb-width-large:100%;--awb-margin-top-large:0px;--awb-spacing-right-large:1.92%;--awb-margin-bottom-large:20px;--awb-spacing-left-large:1.92%;--awb-width-medium:100%;--awb-order-medium:0;--awb-spacing-right-medium:1.92%;--awb-spacing-left-medium:1.92%;--awb-width-small:100%;--awb-order-small:0;--awb-spacing-right-small:1.92%;--awb-spacing-left-small:1.92%;\"><div class=\"fusion-column-wrapper fusion-column-has-shadow fusion-flex-justify-content-flex-start fusion-content-layout-column\"><div class=\"fusion-flip-boxes flip-boxes row fusion-columns-4 flip-effect-classic equal-heights\"><div class=\"fusion-flip-box-wrapper fusion-column col-lg-3 col-md-3 col-sm-3\"><div class=\"fusion-flip-box flip-right fusion-animated\" tabindex=\"0\" data-animationType=\"fadeInDown\" data-animationDuration=\"0.1\" data-animationOffset=\"top-into-view\"><div class=\"flip-box-inner-wrapper\"><div class=\"flip-box-front\" style=\"--awb-border-color:#d3d3d3;--awb-background-color-front:var(--awb-color6);\"><div class=\"flip-box-front-inner\"><div class=\"flip-box-grafix flip-box-image\"><img decoding=\"async\" src=\"https:\/\/www.insspecinc.com\/wp-content\/uploads\/2024\/09\/progressive.jpg\" width=\"200\" height=\"78\" alt=\"\" \/><\/div><\/div><\/div><div class=\"flip-box-back\" style=\"--awb-border-color:#d3d3d3;--awb-background-color-back:#e8e8e8;\"><div class=\"flip-box-back-inner\"><div class=\"flip-box-heading-back\" style=\"--body_typography-font-family:&quot;Inter&quot;;--body_typography-font-weight:700;--body_typography-font-style:normal;--body_typography-font-size:28px;\">Enlace de pago progresivo<\/div><div ><a class=\"fusion-button button-flat fusion-button-default-size button-custom fusion-button-default button-1 fusion-button-default-span fusion-button-default-type\" style=\"--button_accent_color:var(--awb-cta);--button_accent_hover_color:var(--awb-color6);--button_border_hover_color:var(--awb-color1);--button_gradient_top_color:var(--awb-color6);--button_gradient_bottom_color:var(--awb-color6);--button_gradient_top_color_hover:hsla(var(--awb-color8-h),calc(var(--awb-color8-s) - 5%),calc(var(--awb-color8-l) - 10%),var(--awb-color8-a));--button_gradient_bottom_color_hover:hsla(var(--awb-color8-h),calc(var(--awb-color8-s) - 5%),calc(var(--awb-color8-l) - 10%),var(--awb-color8-a));\" target=\"_blank\" rel=\"noopener noreferrer\" href=\"https:\/\/account.apps.progressive.com\/access\/login\"><span class=\"fusion-button-text awb-button__text awb-button__text--default\">Haga clic para pagar<\/span><\/a><\/div><\/div><\/div><\/div><\/div><\/div><div class=\"fusion-flip-box-wrapper fusion-column col-lg-3 col-md-3 col-sm-3\"><div class=\"fusion-flip-box flip-right fusion-animated\" tabindex=\"0\" data-animationType=\"fadeInDown\" data-animationDuration=\"0.1\" data-animationOffset=\"top-into-view\"><div class=\"flip-box-inner-wrapper\"><div class=\"flip-box-front\" style=\"--awb-border-color:#d3d3d3;--awb-background-color-front:var(--awb-color6);\"><div class=\"flip-box-front-inner\"><div class=\"flip-box-grafix flip-box-image\"><img decoding=\"async\" src=\"https:\/\/www.insspecinc.com\/wp-content\/uploads\/2024\/09\/dairy_land.jpg\" width=\"200\" height=\"78\" alt=\"\" \/><\/div><\/div><\/div><div class=\"flip-box-back\" style=\"--awb-border-color:#d3d3d3;--awb-background-color-back:#e8e8e8;\"><div class=\"flip-box-back-inner\"><div class=\"flip-box-heading-back\" style=\"--body_typography-font-family:&quot;Inter&quot;;--body_typography-font-weight:700;--body_typography-font-style:normal;--body_typography-font-size:28px;\">Enlace de pago de Dairyland<\/div><div ><a class=\"fusion-button button-flat fusion-button-default-size button-custom fusion-button-default button-2 fusion-button-default-span fusion-button-default-type\" style=\"--button_accent_color:var(--awb-cta);--button_accent_hover_color:var(--awb-color6);--button_border_hover_color:var(--awb-color1);--button_gradient_top_color:var(--awb-color6);--button_gradient_bottom_color:var(--awb-color6);--button_gradient_top_color_hover:hsla(var(--awb-color8-h),calc(var(--awb-color8-s) - 5%),calc(var(--awb-color8-l) - 10%),var(--awb-color8-a));--button_gradient_bottom_color_hover:hsla(var(--awb-color8-h),calc(var(--awb-color8-s) - 5%),calc(var(--awb-color8-l) - 10%),var(--awb-color8-a));\" target=\"_blank\" rel=\"noopener noreferrer\" href=\"https:\/\/my.dairylandinsurance.com\/web\/login?continueURL=%2Fsecure%2F\"><span class=\"fusion-button-text awb-button__text awb-button__text--default\">Haga clic para pagar<\/span><\/a><\/div><\/div><\/div><\/div><\/div><\/div><div class=\"fusion-flip-box-wrapper fusion-column col-lg-3 col-md-3 col-sm-3\"><div class=\"fusion-flip-box flip-right fusion-animated\" tabindex=\"0\" data-animationType=\"fadeInDown\" data-animationDuration=\"0.1\" data-animationOffset=\"top-into-view\"><div class=\"flip-box-inner-wrapper\"><div class=\"flip-box-front\" style=\"--awb-border-color:#d3d3d3;--awb-background-color-front:var(--awb-color6);\"><div class=\"flip-box-front-inner\"><div class=\"flip-box-grafix flip-box-image\"><img decoding=\"async\" src=\"https:\/\/www.insspecinc.com\/wp-content\/uploads\/2024\/09\/travelers.jpg\" width=\"200\" height=\"78\" alt=\"\" \/><\/div><\/div><\/div><div class=\"flip-box-back\" style=\"--awb-border-color:#d3d3d3;--awb-background-color-back:#e8e8e8;\"><div class=\"flip-box-back-inner\"><div class=\"flip-box-heading-back\" style=\"--body_typography-font-family:&quot;Inter&quot;;--body_typography-font-weight:700;--body_typography-font-style:normal;--body_typography-font-size:28px;\">Enlace de pago para viajeros  <\/div><div ><a class=\"fusion-button button-flat fusion-button-default-size button-custom fusion-button-default button-3 fusion-button-default-span fusion-button-default-type\" style=\"--button_accent_color:var(--awb-color2);--button_accent_hover_color:var(--awb-color6);--button_border_hover_color:var(--awb-color1);--button_gradient_top_color:var(--awb-color6);--button_gradient_bottom_color:var(--awb-color6);--button_gradient_top_color_hover:hsla(var(--awb-color8-h),calc(var(--awb-color8-s) - 5%),calc(var(--awb-color8-l) - 10%),var(--awb-color8-a));--button_gradient_bottom_color_hover:hsla(var(--awb-color8-h),calc(var(--awb-color8-s) - 5%),calc(var(--awb-color8-l) - 10%),var(--awb-color8-a));\" target=\"_blank\" rel=\"noopener noreferrer\" href=\"https:\/\/www.travelers.com\/paybill\/#\/findAccount?flow=otp\"><span class=\"fusion-button-text awb-button__text awb-button__text--default\">Haga clic para pagar<\/span><\/a><\/div><\/div><\/div><\/div><\/div><\/div><div class=\"fusion-flip-box-wrapper fusion-column col-lg-3 col-md-3 col-sm-3\"><div class=\"fusion-flip-box flip-right fusion-animated\" tabindex=\"0\" data-animationType=\"fadeInDown\" data-animationDuration=\"0.1\" data-animationOffset=\"top-into-view\"><div class=\"flip-box-inner-wrapper\"><div class=\"flip-box-front\" style=\"--awb-border-color:#d3d3d3;--awb-background-color-front:var(--awb-color6);\"><div class=\"flip-box-front-inner\"><div class=\"flip-box-grafix flip-box-image\"><img decoding=\"async\" src=\"https:\/\/www.insspecinc.com\/wp-content\/uploads\/2024\/09\/foremost.jpg\" width=\"200\" height=\"78\" alt=\"\" \/><\/div><\/div><\/div><div class=\"flip-box-back\" style=\"--awb-border-color:#d3d3d3;--awb-background-color-back:#e8e8e8;\"><div class=\"flip-box-back-inner\"><div class=\"flip-box-heading-back\" style=\"--body_typography-font-family:&quot;Inter&quot;;--body_typography-font-weight:700;--body_typography-font-style:normal;--body_typography-font-size:28px;\">Enlace de pago m\u00e1s importante  <\/div><div ><a class=\"fusion-button button-flat fusion-button-default-size button-custom fusion-button-default button-4 fusion-button-default-span fusion-button-default-type\" style=\"--button_accent_color:var(--awb-color2);--button_accent_hover_color:var(--awb-color6);--button_border_hover_color:var(--awb-color1);--button_gradient_top_color:var(--awb-color6);--button_gradient_bottom_color:var(--awb-color6);--button_gradient_top_color_hover:hsla(var(--awb-color8-h),calc(var(--awb-color8-s) - 5%),calc(var(--awb-color8-l) - 10%),var(--awb-color8-a));--button_gradient_bottom_color_hover:hsla(var(--awb-color8-h),calc(var(--awb-color8-s) - 5%),calc(var(--awb-color8-l) - 10%),var(--awb-color8-a));\" target=\"_blank\" rel=\"noopener noreferrer\" href=\"http:\/\/www.foremost.com\/payonline\/\"><span class=\"fusion-button-text awb-button__text awb-button__text--default\">Haga clic para pagar<\/span><\/a><\/div><\/div><\/div><\/div><\/div><\/div><div class=\"fusion-flip-box-wrapper fusion-column col-lg-3 col-md-3 col-sm-3\"><div class=\"fusion-flip-box flip-right fusion-animated\" tabindex=\"0\" data-animationType=\"fadeInDown\" data-animationDuration=\"0.1\" data-animationOffset=\"top-into-view\"><div class=\"flip-box-inner-wrapper\"><div class=\"flip-box-front\" style=\"--awb-border-color:#d3d3d3;--awb-background-color-front:var(--awb-color6);\"><div class=\"flip-box-front-inner\"><div class=\"flip-box-grafix flip-box-image\"><img decoding=\"async\" src=\"https:\/\/www.insspecinc.com\/wp-content\/uploads\/2024\/09\/hagerty.jpg\" width=\"200\" height=\"78\" alt=\"\" \/><\/div><\/div><\/div><div class=\"flip-box-back\" style=\"--awb-border-color:#d3d3d3;--awb-background-color-back:#e8e8e8;\"><div class=\"flip-box-back-inner\"><div class=\"flip-box-heading-back\" style=\"--body_typography-font-family:&quot;Inter&quot;;--body_typography-font-weight:700;--body_typography-font-style:normal;--body_typography-font-size:28px;\">Enlace de pago de Hagerty<\/div><div ><a class=\"fusion-button button-flat fusion-button-default-size button-custom fusion-button-default button-5 fusion-button-default-span fusion-button-default-type\" style=\"--button_accent_color:var(--awb-color2);--button_accent_hover_color:var(--awb-color6);--button_border_hover_color:var(--awb-color1);--button_gradient_top_color:var(--awb-color6);--button_gradient_bottom_color:var(--awb-color6);--button_gradient_top_color_hover:hsla(var(--awb-color8-h),calc(var(--awb-color8-s) - 5%),calc(var(--awb-color8-l) - 10%),var(--awb-color8-a));--button_gradient_bottom_color_hover:hsla(var(--awb-color8-h),calc(var(--awb-color8-s) - 5%),calc(var(--awb-color8-l) - 10%),var(--awb-color8-a));\" target=\"_blank\" rel=\"noopener noreferrer\" href=\"https:\/\/login.hagerty.com\/TemporaryAccess?purpose=PayBill\"><span class=\"fusion-button-text awb-button__text awb-button__text--default\">Haga clic para pagar<\/span><\/a><\/div><\/div><\/div><\/div><\/div><\/div><div class=\"fusion-flip-box-wrapper fusion-column col-lg-3 col-md-3 col-sm-3\"><div class=\"fusion-flip-box flip-right fusion-animated\" tabindex=\"0\" data-animationType=\"fadeInDown\" data-animationDuration=\"0.1\" data-animationOffset=\"top-into-view\"><div class=\"flip-box-inner-wrapper\"><div class=\"flip-box-front\" style=\"--awb-border-color:#d3d3d3;--awb-background-color-front:var(--awb-color6);\"><div class=\"flip-box-front-inner\"><div class=\"flip-box-grafix flip-box-image\"><img decoding=\"async\" src=\"https:\/\/www.insspecinc.com\/wp-content\/uploads\/2024\/09\/cna_surety.jpg\" width=\"200\" height=\"78\" alt=\"\" \/><\/div><\/div><\/div><div class=\"flip-box-back\" style=\"--awb-border-color:#d3d3d3;--awb-background-color-back:#e8e8e8;\"><div class=\"flip-box-back-inner\"><div class=\"flip-box-heading-back\" style=\"--body_typography-font-family:&quot;Inter&quot;;--body_typography-font-weight:700;--body_typography-font-style:normal;--body_typography-font-size:28px;\">Enlace de pago de fianzas de CNA<\/div><div ><a class=\"fusion-button button-flat fusion-button-default-size button-custom fusion-button-default button-6 fusion-button-default-span fusion-button-default-type\" style=\"--button_accent_color:var(--awb-color2);--button_accent_hover_color:var(--awb-color6);--button_border_hover_color:var(--awb-color1);--button_gradient_top_color:var(--awb-color6);--button_gradient_bottom_color:var(--awb-color6);--button_gradient_top_color_hover:hsla(var(--awb-color8-h),calc(var(--awb-color8-s) - 5%),calc(var(--awb-color8-l) - 10%),var(--awb-color8-a));--button_gradient_bottom_color_hover:hsla(var(--awb-color8-h),calc(var(--awb-color8-s) - 5%),calc(var(--awb-color8-l) - 10%),var(--awb-color8-a));\" target=\"_blank\" rel=\"noopener noreferrer\" href=\"https:\/\/billing.cna.com\/#\/login\"><span class=\"fusion-button-text awb-button__text awb-button__text--default\">Haga clic para pagar<\/span><\/a><\/div><\/div><\/div><\/div><\/div><\/div><div class=\"fusion-flip-box-wrapper fusion-column col-lg-3 col-md-3 col-sm-3\"><div class=\"fusion-flip-box flip-right fusion-animated\" tabindex=\"0\" data-animationType=\"fadeInDown\" data-animationDuration=\"0.1\" data-animationOffset=\"top-into-view\"><div class=\"flip-box-inner-wrapper\"><div class=\"flip-box-front\" style=\"--awb-border-color:#d3d3d3;--awb-background-color-front:var(--awb-color6);\"><div class=\"flip-box-front-inner\"><div class=\"flip-box-grafix flip-box-image\"><img decoding=\"async\" src=\"https:\/\/www.insspecinc.com\/wp-content\/uploads\/2024\/09\/latest-hor.jpg\" width=\"200\" height=\"34.27\" alt=\"\" \/><\/div><\/div><\/div><div class=\"flip-box-back\" style=\"--awb-border-color:#d3d3d3;--awb-background-color-back:#e8e8e8;\"><div class=\"flip-box-back-inner\"><div class=\"flip-box-heading-back\" style=\"--body_typography-font-family:&quot;Inter&quot;;--body_typography-font-weight:700;--body_typography-font-style:normal;--body_typography-font-size:28px;\">Enlace de Pago General Nacional  <\/div><div ><a class=\"fusion-button button-flat fusion-button-default-size button-custom fusion-button-default button-7 fusion-button-default-span fusion-button-default-type\" style=\"--button_accent_color:var(--awb-color2);--button_accent_hover_color:var(--awb-color6);--button_border_hover_color:var(--awb-color1);--button_gradient_top_color:var(--awb-color6);--button_gradient_bottom_color:var(--awb-color6);--button_gradient_top_color_hover:hsla(var(--awb-color8-h),calc(var(--awb-color8-s) - 5%),calc(var(--awb-color8-l) - 10%),var(--awb-color8-a));--button_gradient_bottom_color_hover:hsla(var(--awb-color8-h),calc(var(--awb-color8-s) - 5%),calc(var(--awb-color8-l) - 10%),var(--awb-color8-a));\" target=\"_blank\" rel=\"noopener noreferrer\" href=\"https:\/\/mynatgenpolicy.com\/pay\"><span class=\"fusion-button-text awb-button__text awb-button__text--default\">Haga clic para pagar<\/span><\/a><\/div><\/div><\/div><\/div><\/div><\/div><div class=\"fusion-flip-box-wrapper fusion-column col-lg-3 col-md-3 col-sm-3\"><div class=\"fusion-flip-box flip-right fusion-animated\" tabindex=\"0\" data-animationType=\"fadeInDown\" data-animationDuration=\"0.1\" data-animationOffset=\"top-into-view\"><div class=\"flip-box-inner-wrapper\"><div class=\"flip-box-front\" style=\"--awb-border-color:#d3d3d3;--awb-background-color-front:var(--awb-color6);\"><div class=\"flip-box-front-inner\"><div class=\"flip-box-grafix flip-box-image\"><img decoding=\"async\" src=\"https:\/\/www.insspecinc.com\/wp-content\/uploads\/2024\/09\/bristol_west.jpg\" width=\"200\" height=\"78\" alt=\"\" \/><\/div><\/div><\/div><div class=\"flip-box-back\" style=\"--awb-border-color:#d3d3d3;--awb-background-color-back:#e8e8e8;\"><div class=\"flip-box-back-inner\"><div class=\"flip-box-heading-back\" style=\"--body_typography-font-family:&quot;Inter&quot;;--body_typography-font-weight:700;--body_typography-font-style:normal;--body_typography-font-size:28px;\">Enlace de pago de Bristol West  <\/div><div ><a class=\"fusion-button button-flat fusion-button-default-size button-custom fusion-button-default button-8 fusion-button-default-span fusion-button-default-type\" style=\"--button_accent_color:var(--awb-color2);--button_accent_hover_color:var(--awb-color6);--button_border_hover_color:var(--awb-color1);--button_gradient_top_color:var(--awb-color6);--button_gradient_bottom_color:var(--awb-color6);--button_gradient_top_color_hover:hsla(var(--awb-color8-h),calc(var(--awb-color8-s) - 5%),calc(var(--awb-color8-l) - 10%),var(--awb-color8-a));--button_gradient_bottom_color_hover:hsla(var(--awb-color8-h),calc(var(--awb-color8-s) - 5%),calc(var(--awb-color8-l) - 10%),var(--awb-color8-a));\" target=\"_blank\" rel=\"noopener noreferrer\" href=\"https:\/\/www.bristolwest.com\/payments\"><span class=\"fusion-button-text awb-button__text awb-button__text--default\">Haga clic para pagar<\/span><\/a><\/div><\/div><\/div><\/div><\/div><\/div><div class=\"fusion-flip-box-wrapper fusion-column col-lg-3 col-md-3 col-sm-3\"><div class=\"fusion-flip-box flip-right fusion-animated\" tabindex=\"0\" data-animationType=\"fadeInDown\" data-animationDuration=\"0.1\" data-animationOffset=\"top-into-view\"><div class=\"flip-box-inner-wrapper\"><div class=\"flip-box-front\" style=\"--awb-border-color:#d3d3d3;--awb-background-color-front:var(--awb-color6);\"><div class=\"flip-box-front-inner\"><div class=\"flip-box-grafix flip-box-image\"><img decoding=\"async\" src=\"https:\/\/www.insspecinc.com\/wp-content\/uploads\/2024\/09\/fcislogo.jpg\" width=\"200\" height=\"85.45\" alt=\"\" \/><\/div><\/div><\/div><div class=\"flip-box-back\" style=\"--awb-border-color:#d3d3d3;--awb-background-color-back:#e8e8e8;\"><div class=\"flip-box-back-inner\"><div class=\"flip-box-heading-back\" style=\"--body_typography-font-family:&quot;Inter&quot;;--body_typography-font-weight:700;--body_typography-font-style:normal;--body_typography-font-size:28px;\">Servicios de seguros de First Chicago  <\/div><div ><a class=\"fusion-button button-flat fusion-button-default-size button-custom fusion-button-default button-9 fusion-button-default-span fusion-button-default-type\" style=\"--button_accent_color:var(--awb-color2);--button_accent_hover_color:var(--awb-color6);--button_border_hover_color:var(--awb-color1);--button_gradient_top_color:var(--awb-color6);--button_gradient_bottom_color:var(--awb-color6);--button_gradient_top_color_hover:hsla(var(--awb-color8-h),calc(var(--awb-color8-s) - 5%),calc(var(--awb-color8-l) - 10%),var(--awb-color8-a));--button_gradient_bottom_color_hover:hsla(var(--awb-color8-h),calc(var(--awb-color8-s) - 5%),calc(var(--awb-color8-l) - 10%),var(--awb-color8-a));\" target=\"_blank\" rel=\"noopener noreferrer\" href=\"https:\/\/www.firstchicagoinsurance.com\/payments.aspx\"><span class=\"fusion-button-text awb-button__text awb-button__text--default\">Haga clic para pagar<\/span><\/a><\/div><\/div><\/div><\/div><\/div><\/div><\/div><\/div><\/div><\/div><\/div>\n","protected":false},"excerpt":{"rendered":"","protected":false},"author":1,"featured_media":0,"parent":1750,"menu_order":2,"comment_status":"closed","ping_status":"closed","template":"100-width.php","meta":{"footnotes":""},"class_list":["post-2558","page","type-page","status-publish","hentry"],"_links":{"self":[{"href":"https:\/\/www.insspecinc.com\/es\/wp-json\/wp\/v2\/pages\/2558","targetHints":{"allow":["GET"]}}],"collection":[{"href":"https:\/\/www.insspecinc.com\/es\/wp-json\/wp\/v2\/pages"}],"about":[{"href":"https:\/\/www.insspecinc.com\/es\/wp-json\/wp\/v2\/types\/page"}],"author":[{"embeddable":true,"href":"https:\/\/www.insspecinc.com\/es\/wp-json\/wp\/v2\/users\/1"}],"replies":[{"embeddable":true,"href":"https:\/\/www.insspecinc.com\/es\/wp-json\/wp\/v2\/comments?post=2558"}],"version-history":[{"count":0,"href":"https:\/\/www.insspecinc.com\/es\/wp-json\/wp\/v2\/pages\/2558\/revisions"}],"up":[{"embeddable":true,"href":"https:\/\/www.insspecinc.com\/es\/wp-json\/wp\/v2\/pages\/1750"}],"wp:attachment":[{"href":"https:\/\/www.insspecinc.com\/es\/wp-json\/wp\/v2\/media?parent=2558"}],"curies":[{"name":"wp","href":"https:\/\/api.w.org\/{rel}","templated":true}]}}