{"id":2568,"date":"2024-08-29T15:40:19","date_gmt":"2024-08-29T20:40:19","guid":{"rendered":"https:\/\/www.insspecinc.com\/para-clientes\/obtener-soporte\/"},"modified":"2025-02-24T11:06:26","modified_gmt":"2025-02-24T17:06:26","slug":"obtener-soporte","status":"publish","type":"page","link":"https:\/\/www.insspecinc.com\/es\/para-clientes\/obtener-soporte\/","title":{"rendered":"Obtener soporte"},"content":{"rendered":"<div class=\"fusion-fullwidth fullwidth-box fusion-builder-row-1 fusion-flex-container has-pattern-background has-mask-background nonhundred-percent-fullwidth non-hundred-percent-height-scrolling\" style=\"--awb-border-radius-top-left:0px;--awb-border-radius-top-right:0px;--awb-border-radius-bottom-right:0px;--awb-border-radius-bottom-left:0px;--awb-flex-wrap:wrap;\" ><div class=\"fusion-builder-row fusion-row fusion-flex-align-items-flex-start fusion-flex-content-wrap\" style=\"max-width:1248px;margin-left: calc(-4% \/ 2 );margin-right: calc(-4% \/ 2 );\"><div class=\"fusion-layout-column fusion_builder_column fusion-builder-column-0 fusion_builder_column_1_2 1_2 fusion-flex-column\" style=\"--awb-bg-size:cover;--awb-width-large:50%;--awb-margin-top-large:0px;--awb-spacing-right-large:3.84%;--awb-margin-bottom-large:20px;--awb-spacing-left-large:3.84%;--awb-width-medium:50%;--awb-order-medium:0;--awb-spacing-right-medium:3.84%;--awb-spacing-left-medium:3.84%;--awb-width-small:100%;--awb-order-small:0;--awb-spacing-right-small:1.92%;--awb-spacing-left-small:1.92%;\"><div class=\"fusion-column-wrapper fusion-column-has-shadow fusion-flex-justify-content-flex-start fusion-content-layout-column\"><div class=\"fusion-title title fusion-title-1 fusion-sep-none fusion-title-text fusion-title-size-three\" style=\"--awb-text-color:var(--awb-color2);--awb-margin-top-small:10px;--awb-margin-right-small:0px;--awb-margin-bottom-small:10px;--awb-margin-left-small:0px;--awb-font-size:28px;\"><h3 class=\"fusion-title-heading title-heading-left\" style=\"font-family:&quot;Inter&quot;;font-style:normal;font-weight:400;margin:0;text-transform:capitalize;font-size:1em;\">Estamos aqu\u00ed para apoyarte<\/h3><\/div><div class=\"fusion-text fusion-text-1\"><p>En The Insurance Specialists Inc., nuestro compromiso es asegurarnos de que reciba la asistencia que necesita, cuando la necesite. Ya sea que est\u00e9 administrando un reclamo, actualizando su p\u00f3liza o simplemente tenga una pregunta r\u00e1pida, estamos aqu\u00ed para ayudarlo en cada paso del camino. Nuestro equipo se dedica a hacer que su experiencia sea fluida y sin complicaciones.  <\/p>\n<p><b> <\/b><\/p>\n<p><b>Presentaci\u00f3n de una reclamaci\u00f3n<\/b><\/p>\n<p>Si ha tenido un accidente o necesita presentar un reclamo, se lo ponemos f\u00e1cil. Use las opciones a continuaci\u00f3n para presentar un reclamo ante su proveedor o comun\u00edquese con nosotros para obtener asistencia inmediata. Estamos aqu\u00ed para guiarlo a trav\u00e9s del proceso.  <\/p>\n<p><a href=\"https:\/\/www.insspecinc.com\/es\/para-clientes\/reclamaciones\/\">Presentar una reclamaci\u00f3n<\/a><\/p>\n<p><b> <\/b><\/p>\n<p><b>Administre su p\u00f3liza con nuestra ayuda<\/b><\/p>\n<p>Si necesita actualizar su p\u00f3liza de seguro, como agregar o eliminar conductores, veh\u00edculos o ajustar la cobertura, nuestro equipo est\u00e1 aqu\u00ed para ayudarlo en cada paso del camino. Si bien no puede realizar estos cambios directamente en l\u00ednea, le recomendamos que se comunique con nosotros para que podamos asegurarnos de que sus solicitudes se manejen de manera correcta y r\u00e1pida. <\/p>\n<p><b>Tenga en cuenta<\/b> que los cambios en la cobertura, incluida la adici\u00f3n o eliminaci\u00f3n de veh\u00edculos o el cambio a la cobertura completa, solo entrar\u00e1n en vigencia una vez que nuestra oficina lo confirme. Para una cobertura completa, requerimos una inspecci\u00f3n del veh\u00edculo para evaluar cualquier da\u00f1o existente antes de vincular la cobertura. <\/p>\n<p>Para solicitar cambios, comun\u00edquese con nosotros al 515-280-1207 o vis\u00edtenos en persona. Trabajaremos con usted para asegurarnos de que su p\u00f3liza refleje sus necesidades. <\/p>\n<p><b> <\/b><\/p>\n<p><b>\u00bfTiene preguntas? \u00a1Cont\u00e1ctenos! <\/b><\/p>\n<p>\u00a1Siempre estamos aqu\u00ed para ayudar! Puede comunicarse con nuestro equipo de soporte por tel\u00e9fono, correo electr\u00f3nico o visitar nuestra oficina durante el horario comercial. <\/p>\n<ul>\n<li><span style=\"color: var(--awb-text-color); font-family: var(--awb-text-font-family); font-size: var(--awb-font-size); font-style: var(--awb-text-font-style); font-weight: var(--awb-text-font-weight); letter-spacing: var(--awb-letter-spacing); text-align: var(--awb-content-alignment); text-transform: var(--awb-text-transform); background-color: var(--awb-bg-color-hover);\">Ll\u00e1menos: <\/span><a style=\"font-family: var(--awb-text-font-family); font-size: var(--awb-font-size); font-style: var(--awb-text-font-style); font-weight: var(--awb-text-font-weight); letter-spacing: var(--awb-letter-spacing); text-align: var(--awb-content-alignment); text-transform: var(--awb-text-transform); background-color: var(--awb-bg-color-hover);\" href=\"tel:515-280-1207\">515-280-1207<\/a><\/li>\n<li><span style=\"color: var(--awb-text-color); font-family: var(--awb-text-font-family); font-size: var(--awb-font-size); font-style: var(--awb-text-font-style); font-weight: var(--awb-text-font-weight); letter-spacing: var(--awb-letter-spacing); text-align: var(--awb-content-alignment); text-transform: var(--awb-text-transform); background-color: var(--awb-bg-color-hover);\">Env\u00edenos un correo electr\u00f3nico: <\/span><a style=\"font-family: var(--awb-text-font-family); font-size: var(--awb-font-size); font-style: var(--awb-text-font-style); font-weight: var(--awb-text-font-weight); letter-spacing: var(--awb-letter-spacing); text-align: var(--awb-content-alignment); text-transform: var(--awb-text-transform); background-color: var(--awb-bg-color-hover);\" href=\"mailto:info@insspecinc.com\">info@insspecinc.com<\/a><\/li>\n<li><span style=\"color: var(--awb-text-color); font-family: var(--awb-text-font-family); font-size: var(--awb-font-size); font-style: var(--awb-text-font-style); font-weight: var(--awb-text-font-weight); letter-spacing: var(--awb-letter-spacing); text-align: var(--awb-content-alignment); text-transform: var(--awb-text-transform); background-color: var(--awb-bg-color-hover);\">Vis\u00edtenos: 514 E. Euclid Ave., Des Moines, IA 50313<\/span><\/li>\n<\/ul>\n<p><b> <\/b><\/p>\n<p><b>Preguntas frecuentes<\/b><\/p>\n<p><b>Pregunta. <\/b>\u00bfC\u00f3mo reporto un reclamo fuera del horario comercial?<br \/>\n<b style=\"color: var(--awb-text-color); font-family: var(--awb-text-font-family); font-size: var(--awb-font-size); font-style: var(--awb-text-font-style); letter-spacing: var(--awb-letter-spacing); text-align: var(--awb-content-alignment); text-transform: var(--awb-text-transform); background-color: var(--awb-bg-color-hover);\">Un. <\/b><span style=\"color: var(--awb-text-color); font-family: var(--awb-text-font-family); font-size: var(--awb-font-size); font-style: var(--awb-text-font-style); font-weight: var(--awb-text-font-weight); letter-spacing: var(--awb-letter-spacing); text-align: var(--awb-content-alignment); text-transform: var(--awb-text-transform); background-color: var(--awb-bg-color-hover);\">Puede presentar un reclamo directamente con su proveedor de seguros utilizando nuestra p\u00e1gina Presentar un reclamo, disponible las 24 horas del d\u00eda, los 7 d\u00edas de la semana.<\/span><\/p>\n<p><b>Pregunta. <\/b>\u00bfQu\u00e9 documentos necesito para actualizar mi p\u00f3liza?<br \/>\n<b style=\"color: var(--awb-text-color); font-family: var(--awb-text-font-family); font-size: var(--awb-font-size); font-style: var(--awb-text-font-style); letter-spacing: var(--awb-letter-spacing); text-align: var(--awb-content-alignment); text-transform: var(--awb-text-transform); background-color: var(--awb-bg-color-hover);\">Un.<\/b><span style=\"color: var(--awb-text-color); font-family: var(--awb-text-font-family); font-size: var(--awb-font-size); font-style: var(--awb-text-font-style); font-weight: var(--awb-text-font-weight); letter-spacing: var(--awb-letter-spacing); text-align: var(--awb-content-alignment); text-transform: var(--awb-text-transform); background-color: var(--awb-bg-color-hover);\">  Para actualizar tu p\u00f3liza, es posible que necesites un comprobante de domicilio, el registro de tu veh\u00edculo o cualquier documento relevante seg\u00fan el cambio que est\u00e9s realizando. No dude en ponerse en contacto con nosotros para obtener m\u00e1s detalles. <\/span><\/p>\n<\/div><\/div><\/div><div class=\"fusion-layout-column fusion_builder_column fusion-builder-column-1 fusion_builder_column_1_2 1_2 fusion-flex-column\" style=\"--awb-padding-top:20px;--awb-padding-right:20px;--awb-padding-bottom:20px;--awb-padding-left:20px;--awb-overflow:hidden;--awb-bg-size:cover;--awb-border-color:var(--awb-color5);--awb-border-top:1px;--awb-border-right:1px;--awb-border-bottom:1px;--awb-border-left:1px;--awb-border-style:solid;--awb-border-radius:10px 10px 10px 10px;--awb-width-large:50%;--awb-margin-top-large:0px;--awb-spacing-right-large:3.84%;--awb-margin-bottom-large:20px;--awb-spacing-left-large:3.84%;--awb-width-medium:50%;--awb-order-medium:0;--awb-spacing-right-medium:3.84%;--awb-spacing-left-medium:3.84%;--awb-width-small:100%;--awb-order-small:0;--awb-spacing-right-small:1.92%;--awb-spacing-left-small:1.92%;\" data-scroll-devices=\"small-visibility,medium-visibility,large-visibility\"><div class=\"fusion-column-wrapper fusion-column-has-shadow fusion-flex-justify-content-flex-start fusion-content-layout-column\"><div class=\"fusion-title title fusion-title-2 fusion-sep-none fusion-title-text fusion-title-size-three\" style=\"--awb-text-color:var(--awb-color2);--awb-margin-top-small:10px;--awb-margin-right-small:0px;--awb-margin-bottom-small:10px;--awb-margin-left-small:0px;--awb-font-size:28px;\"><h3 class=\"fusion-title-heading title-heading-left\" style=\"font-family:&quot;Inter&quot;;font-style:normal;font-weight:400;margin:0;text-transform:capitalize;font-size:1em;\">\u00bfNecesita ayuda? Rellena el formulario.<\/h3><\/div><div class=\"frm_forms  with_frm_style frm_style_formidable-style\" id=\"frm_form_4_container\" data-token=\"85a70e1e8d449f5a0c0d2cf44b5d80b6\">\n<form enctype=\"multipart\/form-data\" method=\"post\" class=\"frm-show-form  frm_js_validate  frm_ajax_submit  frm_pro_form \" id=\"form_get-support\" data-token=\"85a70e1e8d449f5a0c0d2cf44b5d80b6\">\n<div class=\"frm_form_fields \">\n<fieldset>\n<legend class=\"frm_screen_reader\">Obtenga soporte<\/legend>\r\n\r\n<div class=\"frm_fields_container\">\n<input type=\"hidden\" name=\"frm_action\" value=\"create\" \/>\n<input type=\"hidden\" name=\"form_id\" value=\"4\" \/>\n<input type=\"hidden\" name=\"frm_hide_fields_4\" id=\"frm_hide_fields_4\" value=\"\" \/>\n<input type=\"hidden\" name=\"form_key\" value=\"get-support\" \/>\n<input type=\"hidden\" name=\"item_meta[0]\" value=\"\" \/>\n<input type=\"hidden\" id=\"frm_submit_entry_4\" name=\"frm_submit_entry_4\" value=\"81b79d912c\" \/><input type=\"hidden\" name=\"_wp_http_referer\" value=\"\/es\/wp-json\/wp\/v2\/pages\/2568\" \/><div id=\"frm_field_23_container\" class=\"frm_form_field form-field  frm_top_container\">\r\n\t<div  id=\"field_6liq2_label\" class=\"frm_primary_label\">Nombre\r\n\t\t<span class=\"frm_required\" aria-hidden=\"true\"><\/span>\r\n\t<\/div>\r\n\t<fieldset aria-labelledby=\"field_6liq2_label\">\n\t<legend class=\"frm_screen_reader frm_hidden\">\n\t\tNombre\t<\/legend>\n\n\t<div  class=\"frm_combo_inputs_container\" id=\"frm_combo_inputs_container_23\" data-name-layout=\"first_last\">\n\t\t\t\t\t<div\n\t\t\t\tid=\"frm_field_23-first_container\"\n\t\t\t\tclass=\"frm_form_field form-field frm_form_subfield-first  frm6\"\n\t\t\t\tdata-sub-field-name=\"first\"\n\t\t\t>\n\t\t\t\t<label for=\"field_6liq2_first\" class=\"frm_screen_reader frm_hidden\">\n\t\t\t\t\tFirst\t\t\t\t<\/label>\n\n\t\t\t\t<input  type=\"text\" id=\"field_6liq2_first\" value=\"\" name=\"item_meta[23][first]\" autocomplete=\"given-name\" data-invmsg=\"Nombre no es v\u00e1lido\" aria-invalid=\"false\"  \/><div class=\"frm_description\" id=\"frm_field_23_first_desc\">First<\/div>\t\t\t<\/div>\n\t\t\t\t\t\t<div\n\t\t\t\tid=\"frm_field_23-last_container\"\n\t\t\t\tclass=\"frm_form_field form-field frm_form_subfield-last  frm6\"\n\t\t\t\tdata-sub-field-name=\"last\"\n\t\t\t>\n\t\t\t\t<label for=\"field_6liq2_last\" class=\"frm_screen_reader frm_hidden\">\n\t\t\t\t\tLast\t\t\t\t<\/label>\n\n\t\t\t\t<input  type=\"text\" id=\"field_6liq2_last\" value=\"\" name=\"item_meta[23][last]\" autocomplete=\"family-name\" data-invmsg=\"Nombre no es v\u00e1lido\" aria-invalid=\"false\"  \/><div class=\"frm_description\" id=\"frm_field_23_last_desc\">Last<\/div>\t\t\t<\/div>\n\t\t\t\t<\/div>\n<\/fieldset>\n\r\n\t\r\n\t\r\n<\/div>\n<div id=\"frm_field_24_container\" class=\"frm_form_field form-field  frm_top_container\">\r\n\t<label for=\"field_mxff5\" id=\"field_mxff5_label\" class=\"frm_primary_label\">Tel\u00e9fono\r\n\t\t<span class=\"frm_required\" aria-hidden=\"true\"><\/span>\r\n\t<\/label>\r\n\t<input type=\"tel\" id=\"field_mxff5\" name=\"item_meta[24]\" value=\"\"  data-invmsg=\"Tel\u00e9fono is invalid\" aria-invalid=\"false\" pattern=\"((\\+\\d{1,3}(-|.| )?\\(?\\d\\)?(-| |.)?\\d{1,5})|(\\(?\\d{2,6}\\)?))(-|.| )?(\\d{3,4})(-|.| )?(\\d{4})(( x| ext)\\d{1,5}){0,1}$\"  \/>\r\n\t\r\n\t\r\n<\/div>\n<div id=\"frm_field_25_container\" class=\"frm_form_field form-field  frm_top_container\">\r\n\t<label for=\"field_shz5n\" id=\"field_shz5n_label\" class=\"frm_primary_label\">Correo electr\u00f3nico\r\n\t\t<span class=\"frm_required\" aria-hidden=\"true\"><\/span>\r\n\t<\/label>\r\n\t<input type=\"email\" id=\"field_shz5n\" name=\"item_meta[25]\" value=\"\"  data-invmsg=\"Correo electr\u00f3nico is invalid\" aria-invalid=\"false\"  \/>\r\n\t\r\n\t\r\n<\/div>\n<div id=\"frm_field_26_container\" class=\"frm_form_field form-field  frm_top_container vertical_radio\">\r\n\t<div  id=\"field_e3u4w_label\" class=\"frm_primary_label\">Tipos de soporte\r\n\t\t<span class=\"frm_required\" aria-hidden=\"true\"><\/span>\r\n\t<\/div>\r\n\t<div class=\"frm_opt_container\" aria-labelledby=\"field_e3u4w_label\" role=\"group\">\t\t<div class=\"frm_checkbox\" id=\"frm_checkbox_26-0\">\t\t\t<label  for=\"field_e3u4w-0\">\n\t\t\t<input type=\"checkbox\" name=\"item_meta[26][]\" id=\"field_e3u4w-0\" value=\"Request ID card\"  data-invmsg=\"Tipos de soporte no es v\u00e1lido\"   \/> Solicitar c\u00e9dula de identidad<\/label><\/div>\n\t\t<div class=\"frm_checkbox\" id=\"frm_checkbox_26-1\">\t\t\t<label  for=\"field_e3u4w-1\">\n\t\t\t<input type=\"checkbox\" name=\"item_meta[26][]\" id=\"field_e3u4w-1\" value=\"Request a review\"  data-invmsg=\"Tipos de soporte no es v\u00e1lido\"   \/> Solicitar una revisi\u00f3n<\/label><\/div>\n\t\t<div class=\"frm_checkbox\" id=\"frm_checkbox_26-2\">\t\t\t<label  for=\"field_e3u4w-2\">\n\t\t\t<input type=\"checkbox\" name=\"item_meta[26][]\" id=\"field_e3u4w-2\" value=\"Policy question\"  data-invmsg=\"Tipos de soporte no es v\u00e1lido\"   \/> Pregunta de pol\u00edtica<\/label><\/div>\n\t\t<div class=\"frm_checkbox\" id=\"frm_checkbox_26-3\">\t\t\t<label  for=\"field_e3u4w-3\">\n\t\t\t<input type=\"checkbox\" name=\"item_meta[26][]\" id=\"field_e3u4w-3\" value=\"Update contact info\"  data-invmsg=\"Tipos de soporte no es v\u00e1lido\"   \/> Actualizar informaci\u00f3n de contacto<\/label><\/div>\n\t\t<div class=\"frm_checkbox\" id=\"frm_checkbox_26-4\">\t\t\t<label  for=\"field_e3u4w-4\">\n\t\t\t<input type=\"checkbox\" name=\"item_meta[26][]\" id=\"field_e3u4w-4\" value=\"Other\"  data-invmsg=\"Tipos de soporte no es v\u00e1lido\"   \/> Otro<\/label><\/div>\n<\/div>\r\n\t\r\n\t\r\n<\/div>\n<div id=\"frm_field_27_container\" class=\"frm_form_field form-field  frm_top_container\">\r\n\t<label for=\"field_t39np\" id=\"field_t39np_label\" class=\"frm_primary_label\">Comentarios\r\n\t\t<span class=\"frm_required\" aria-hidden=\"true\"><\/span>\r\n\t<\/label>\r\n\t<textarea name=\"item_meta[27]\" id=\"field_t39np\" rows=\"5\"  data-invmsg=\"Comentarios no es v\u00e1lido\" aria-invalid=\"false\"  ><\/textarea>\r\n\t\r\n\t\r\n<\/div>\n<div id=\"frm_field_49_container\" class=\"frm_form_field form-field  frm_top_container vertical_radio\">\r\n\t<div  id=\"field_8jin_label\" class=\"frm_primary_label\">M\u00e9todo de contacto preferido\r\n\t\t<span class=\"frm_required\" aria-hidden=\"true\"><\/span>\r\n\t<\/div>\r\n\t<div class=\"frm_opt_container\" aria-labelledby=\"field_8jin_label\" role=\"radiogroup\">\t\t<div class=\"frm_radio\" id=\"frm_radio_49-0\">\t\t\t<label  for=\"field_8jin-0\">\n\t\t\t\t\t<input type=\"radio\" name=\"item_meta[49]\" id=\"field_8jin-0\" value=\"Text\"\n\t\t data-invmsg=\"M\u00e9todo de contacto preferido no es v\u00e1lido\"   \/> Texto<\/label><\/div>\n\t\t<div class=\"frm_radio\" id=\"frm_radio_49-1\">\t\t\t<label  for=\"field_8jin-1\">\n\t\t\t\t\t<input type=\"radio\" name=\"item_meta[49]\" id=\"field_8jin-1\" value=\"Phone Call\"\n\t\t data-invmsg=\"M\u00e9todo de contacto preferido no es v\u00e1lido\"   \/> Llamada telef\u00f3nica<\/label><\/div>\n\t\t<div class=\"frm_radio\" id=\"frm_radio_49-2\">\t\t\t<label  for=\"field_8jin-2\">\n\t\t\t\t\t<input type=\"radio\" name=\"item_meta[49]\" id=\"field_8jin-2\" value=\"Email\"\n\t\t data-invmsg=\"M\u00e9todo de contacto preferido no es v\u00e1lido\"   \/> Correo electr\u00f3nico<\/label><\/div>\n<\/div>\r\n\t\r\n\t\r\n<\/div>\n<div id=\"frm_field_50_container\" class=\"frm_form_field form-field  frm_top_container vertical_radio\">\r\n\t<div  id=\"field_g8szs_label\" class=\"frm_primary_label\">Mensajes de texto\r\n\t\t<span class=\"frm_required\" aria-hidden=\"true\"><\/span>\r\n\t<\/div>\r\n\t<div class=\"frm_opt_container\" aria-labelledby=\"field_g8szs_label\" role=\"radiogroup\">\t\t<div class=\"frm_radio\" id=\"frm_radio_50-0\">\t\t\t<label  for=\"field_g8szs-0\">\n\t\t\t\t\t<input type=\"radio\" name=\"item_meta[50]\" id=\"field_g8szs-0\" value=\"Yes, I agree to receive text messages from The Insurance Specialists Inc. regarding my insurance quotes, policy updates, and other related services. Message and data rates may apply. You can opt-out at any time.\"\n\t\t data-invmsg=\"Mensajes de texto no es v\u00e1lido\"   \/> S\u00ed, acepto recibir mensajes de texto de The Insurance Specialists Inc. sobre mis cotizaciones de seguros, actualizaciones de p\u00f3lizas y otros servicios relacionados. Es posible que se apliquen tarifas de mensajes y datos. Puede darse de baja en cualquier momento.<\/label><\/div>\n\t\t<div class=\"frm_radio\" id=\"frm_radio_50-1\">\t\t\t<label  for=\"field_g8szs-1\">\n\t\t\t\t\t<input type=\"radio\" name=\"item_meta[50]\" id=\"field_g8szs-1\" value=\"No, I do not wish to receive text messages from The Insurance Specialists Inc. I understand that I may still receive communications via email or phone.\"\n\t\t data-invmsg=\"Mensajes de texto no es v\u00e1lido\"   \/> No, no deseo recibir mensajes de texto de The Insurance Specialists Inc. Entiendo que a\u00fan puedo recibir comunicaciones por correo electr\u00f3nico o por tel\u00e9fono.<\/label><\/div>\n<\/div>\r\n\t\r\n\t\r\n<\/div>\n<div id=\"frm_field_51_container\" class=\"frm_form_field  frm_html_container form-field\">Al seleccionar \"S\u00ed\", usted acepta recibir mensajes de texto automatizados y no automatizados. Puede optar por no participar respondiendo 'STOP' a cualquier mensaje.<\/div>\n<div id=\"frm_field_52_container\" class=\"frm_form_field form-field  frm_none_container\">\r\n\t<label for=\"g-recaptcha-response\" id=\"field_1hih9_label\" class=\"frm_primary_label\">Captcha\r\n\t\t<span class=\"frm_required\" aria-hidden=\"true\"><\/span>\r\n\t<\/label>\r\n\t<div  id=\"field_1hih9\" class=\"g-recaptcha\" data-sitekey=\"6LeqxFMqAAAAAFiAH_sNhoV9mFZqgwCW1-ZgMz8s\" data-size=\"normal\" data-theme=\"light\"><\/div>\r\n\t\r\n\t\r\n<\/div>\n<div id=\"frm_field_22_container\" class=\"frm_form_field form-field \">\r\n\t<div class=\"frm_submit frm_flex\">\r\n<button class=\"frm_button_submit frm_final_submit\" type=\"submit\"   formnovalidate=\"formnovalidate\">Entregar<\/button>\r\n\r\n\r\n\r\n<\/div>\r\n<\/div>\n\t<input type=\"hidden\" name=\"item_key\" value=\"\" \/>\n\t\t\t<div id=\"frm_field_60_container\">\n\t\t\t<label for=\"field_paad\" >\n\t\t\t\tSi eres humano, deja este campo en blanco.\t\t\t<\/label>\n\t\t\t<input  id=\"field_paad\" type=\"text\" class=\"frm_form_field form-field frm_verify\" name=\"item_meta[60]\" value=\"\"  \/>\n\t\t<\/div>\n\t\t<input name=\"frm_state\" type=\"hidden\" value=\"HCDcldqcmYnwioUUTZFJdcvA0NwiCdfH5g0NHffjUGfM\/l5q8kwXroSNBozeBara\" \/><\/div>\n<\/fieldset>\n<\/div>\n\n<\/form>\n<\/div>\n<div class=\"fusion-text fusion-text-2\" style=\"--awb-font-size:14px;--awb-text-color:var(--awb-color3);--awb-text-font-family:&quot;Open Sans&quot;;--awb-text-font-style:normal;--awb-text-font-weight:400;\"><p><strong>Aviso importante<\/strong><\/p>\n<p>Cualquier env\u00edo o pago realizado a trav\u00e9s de este sitio web no constituye un acuerdo vinculante para su p\u00f3liza o coberturas. Los cambios y pagos a las p\u00f3lizas no son efectivos ni vinculantes hasta que usted, o cualquier parte involucrada, reciba una notificaci\u00f3n oficial de su agente de seguros o de su compa\u00f1\u00eda de seguros. Si tiene alguna pregunta, no dude <a href=\"https:\/\/www.insspecinc.com\/es\/acerca-de\/contactenos\/\">en contactarnos<\/a>.  <\/p>\n<p>De acuerdo con los t\u00e9rminos de nuestra <a href=\"https:\/\/www.insspecinc.com\/es\/politica-de-privacidad\/\">pol\u00edtica de privacidad<\/a> en l\u00ednea, no revenderemos su informaci\u00f3n a ning\u00fan tercero.<\/p>\n<\/div>\n<\/div><\/div><\/div><\/div>\n","protected":false},"excerpt":{"rendered":"","protected":false},"author":1,"featured_media":0,"parent":1750,"menu_order":3,"comment_status":"closed","ping_status":"closed","template":"100-width.php","meta":{"footnotes":""},"class_list":["post-2568","page","type-page","status-publish","hentry"],"_links":{"self":[{"href":"https:\/\/www.insspecinc.com\/es\/wp-json\/wp\/v2\/pages\/2568","targetHints":{"allow":["GET"]}}],"collection":[{"href":"https:\/\/www.insspecinc.com\/es\/wp-json\/wp\/v2\/pages"}],"about":[{"href":"https:\/\/www.insspecinc.com\/es\/wp-json\/wp\/v2\/types\/page"}],"author":[{"embeddable":true,"href":"https:\/\/www.insspecinc.com\/es\/wp-json\/wp\/v2\/users\/1"}],"replies":[{"embeddable":true,"href":"https:\/\/www.insspecinc.com\/es\/wp-json\/wp\/v2\/comments?post=2568"}],"version-history":[{"count":3,"href":"https:\/\/www.insspecinc.com\/es\/wp-json\/wp\/v2\/pages\/2568\/revisions"}],"predecessor-version":[{"id":2788,"href":"https:\/\/www.insspecinc.com\/es\/wp-json\/wp\/v2\/pages\/2568\/revisions\/2788"}],"up":[{"embeddable":true,"href":"https:\/\/www.insspecinc.com\/es\/wp-json\/wp\/v2\/pages\/1750"}],"wp:attachment":[{"href":"https:\/\/www.insspecinc.com\/es\/wp-json\/wp\/v2\/media?parent=2568"}],"curies":[{"name":"wp","href":"https:\/\/api.w.org\/{rel}","templated":true}]}}