{"id":2571,"date":"2024-08-29T15:39:11","date_gmt":"2024-08-29T20:39:11","guid":{"rendered":"https:\/\/www.insspecinc.com\/para-clientes\/reclamaciones\/"},"modified":"2025-08-20T13:24:28","modified_gmt":"2025-08-20T18:24:28","slug":"reclamaciones","status":"publish","type":"page","link":"https:\/\/www.insspecinc.com\/es\/para-clientes\/reclamaciones\/","title":{"rendered":"Reclamaciones"},"content":{"rendered":"<div class=\"fusion-fullwidth fullwidth-box fusion-builder-row-1 fusion-flex-container has-pattern-background has-mask-background nonhundred-percent-fullwidth non-hundred-percent-height-scrolling\" style=\"--awb-border-radius-top-left:0px;--awb-border-radius-top-right:0px;--awb-border-radius-bottom-right:0px;--awb-border-radius-bottom-left:0px;--awb-flex-wrap:wrap;\" ><div class=\"fusion-builder-row fusion-row fusion-flex-align-items-flex-start fusion-flex-content-wrap\" style=\"max-width:1248px;margin-left: calc(-4% \/ 2 );margin-right: calc(-4% \/ 2 );\"><div class=\"fusion-layout-column fusion_builder_column fusion-builder-column-0 fusion_builder_column_1_2 1_2 fusion-flex-column\" style=\"--awb-bg-size:cover;--awb-width-large:50%;--awb-margin-top-large:0px;--awb-spacing-right-large:3.84%;--awb-margin-bottom-large:20px;--awb-spacing-left-large:3.84%;--awb-width-medium:50%;--awb-order-medium:0;--awb-spacing-right-medium:3.84%;--awb-spacing-left-medium:3.84%;--awb-width-small:100%;--awb-order-small:0;--awb-spacing-right-small:1.92%;--awb-spacing-left-small:1.92%;\"><div class=\"fusion-column-wrapper fusion-column-has-shadow fusion-flex-justify-content-flex-start fusion-content-layout-column\"><div class=\"fusion-title title fusion-title-1 fusion-sep-none fusion-title-text fusion-title-size-three\" style=\"--awb-text-color:var(--awb-color2);--awb-margin-top-small:10px;--awb-margin-right-small:0px;--awb-margin-bottom-small:10px;--awb-margin-left-small:0px;--awb-font-size:28px;\"><h3 class=\"fusion-title-heading title-heading-left\" style=\"font-family:&quot;Inter&quot;;font-style:normal;font-weight:400;margin:0;font-size:1em;\"><p><b><\/b><br \/>\nAsistencia para reclamos: estamos aqu\u00ed para ayudar<\/p><\/h3><\/div><div class=\"fusion-text fusion-text-1\" style=\"--awb-font-size:16px;--awb-text-color:var(--awb-color3);--awb-text-font-family:&quot;Open Sans&quot;;--awb-text-font-style:normal;--awb-text-font-weight:400;\"><p>Entendemos que presentar un reclamo puede ser estresante y nos comprometemos a hacer que el proceso sea lo m\u00e1s fluido y de apoyo posible. Ya sea que haya experimentado un accidente automovil\u00edstico, da\u00f1os en el hogar u otro evento inesperado, estamos aqu\u00ed para guiarlo en cada paso del camino. <\/p>\n<p><strong style=\"color: var(--awb-text-color); font-family: var(--awb-text-font-family); font-size: var(--awb-font-size); font-style: var(--awb-text-font-style); letter-spacing: var(--awb-letter-spacing); text-align: var(--awb-content-alignment); text-transform: var(--awb-text-transform); background-color: var(--awb-bg-color-hover);\">Qu\u00e9 hacer despu\u00e9s de un accidente automovil\u00edstico<\/strong><\/p>\n<p>\u00bfNo est\u00e1 seguro de qu\u00e9 hacer si se ve involucrado en un accidente? Empieza por mantener la calma. Estos son algunos pasos sencillos a seguir:  <\/p>\n<ol>\n<li>Permanezca en la escena del accidente: Notifique a la polic\u00eda de inmediato. Si bien no siempre es necesario para presentar un reclamo de seguro, un informe policial puede ser necesario en ciertas situaciones. <\/li>\n<li>Intercambie informaci\u00f3n con el otro conductor: Aseg\u00farese de obtener su n\u00famero de licencia de conducir, n\u00famero de placa y estado, detalles del seguro, informaci\u00f3n de contacto y los nombres de sus pasajeros.<\/li>\n<li>Documente el accidente: Tome fotos y anote detalles importantes, como las condiciones de la carretera o la direcci\u00f3n de donde vino el otro veh\u00edculo. Captura la escena y cualquier da\u00f1o visible. Presentar una reclamaci\u00f3n nunca es lo ideal, pero estamos aqu\u00ed para hacer que el proceso sea lo m\u00e1s fluido y eficiente posible, asegur\u00e1ndonos de que obtenga el apoyo que necesita.  <\/li>\n<\/ol>\n<\/div><div class=\"fusion-title title fusion-title-2 fusion-sep-none fusion-title-text fusion-title-size-three\" style=\"--awb-margin-top:30px;--awb-margin-top-small:10px;--awb-margin-right-small:0px;--awb-margin-bottom-small:10px;--awb-margin-left-small:0px;\"><h3 class=\"fusion-title-heading title-heading-left\" style=\"margin:0;\">C\u00f3mo Reportar Un Reclamo<\/h3><\/div><div class=\"fusion-text fusion-text-2\" style=\"--awb-font-size:16px;--awb-text-color:var(--awb-color3);--awb-text-font-family:&quot;Open Sans&quot;;--awb-text-font-style:normal;--awb-text-font-weight:400;\"><p><strong>Inf\u00f3rmenos<\/strong><\/p>\n<p>Para presentar un reclamo en nuestra oficina, llame al (515) 280-1207 durante el horario comercial habitual. Alternativamente, puede enviar el formulario en esta p\u00e1gina fuera del horario comercial. <\/p>\n<p>Nuestro equipo dedicado est\u00e1 listo para ayudarlo con todas sus necesidades de reclamo de seguro y brindarle el cuidado y la atenci\u00f3n que se merece.<\/p>\n<p><b>Denunciar en l\u00ednea<\/b><\/p>\n<p>Muchas de nuestras compa\u00f1\u00edas de seguros ofrecen la opci\u00f3n de reportar su reclamo en l\u00ednea. Aseg\u00farese de tener a mano su n\u00famero de p\u00f3liza y el informe policial.<\/p>\n<\/div><ul style=\"--awb-iconcolor:var(--awb-color7);--awb-textcolor:var(--awb-color2);--awb-line-height:27.2px;--awb-icon-width:27.2px;--awb-icon-height:27.2px;--awb-icon-margin:11.2px;--awb-content-margin:38.4px;\" class=\"fusion-checklist fusion-checklist-1 fusion-checklist-default type-icons\"><li class=\"fusion-li-item\" style=\"\"><span class=\"icon-wrapper circle-no\"><i class=\"fusion-li-icon fa-shield-alt fas\" aria-hidden=\"true\"><\/i><\/span><div class=\"fusion-li-item-content\">\n<p>Seguros en Bristol West<\/p>\n<\/div><\/li><li class=\"fusion-li-item\" style=\"\"><span class=\"icon-wrapper circle-no\"><i class=\"fusion-li-icon fa-shield-alt fas\" aria-hidden=\"true\"><\/i><\/span><div class=\"fusion-li-item-content\">\n<p><a href=\"https:\/\/www.cnasurety.com\/cna\/guest\/cnasurety\/sspownerobligee\/?tab=tab2\" target=\"_blank\" rel=\"noopener\">Fianza CNA<\/a><\/p>\n<\/div><\/li><li class=\"fusion-li-item\" style=\"\"><span class=\"icon-wrapper circle-no\"><i class=\"fusion-li-icon fa-shield-alt fas\" aria-hidden=\"true\"><\/i><\/span><div class=\"fusion-li-item-content\">\n<p><a href=\"https:\/\/www.dairylandinsurance.com\/claims\" target=\"_blank\" rel=\"noopener\">Seguro de Lecher\u00eda<\/a><\/p>\n<\/div><\/li><li class=\"fusion-li-item\" style=\"\"><span class=\"icon-wrapper circle-no\"><i class=\"fusion-li-icon fa-shield-alt fas\" aria-hidden=\"true\"><\/i><\/span><div class=\"fusion-li-item-content\">\n<p><span style=\"color: var(--awb-color1);\"><a href=\"https:\/\/www.firstchicagoinsurance.com\/Claims\/Report\" target=\"_blank\" rel=\"noopener\">Primer seguro en Chicago<\/a><\/span><\/p>\n<\/div><\/li><li class=\"fusion-li-item\" style=\"\"><span class=\"icon-wrapper circle-no\"><i class=\"fusion-li-icon fa-shield-alt fas\" aria-hidden=\"true\"><\/i><\/span><div class=\"fusion-li-item-content\">\n<p><span style=\"color: var(--awb-color1);\"><a href=\"https:\/\/claims.foremost.com\/cmp\/s\/filealoss?SO=03\" target=\"_blank\" rel=\"noopener\">Seguros Foremost<\/a><\/span><\/p>\n<\/div><\/li><li class=\"fusion-li-item\" style=\"\"><span class=\"icon-wrapper circle-no\"><i class=\"fusion-li-icon fa-shield-alt fas\" aria-hidden=\"true\"><\/i><\/span><div class=\"fusion-li-item-content\">\n<p><span style=\"color: var(--awb-color1);\"><a href=\"https:\/\/www.hagerty.com\/insurance\/claims\" target=\"_blank\" rel=\"noopener\">Seguros en Hagerty<\/a><\/span><\/p>\n<\/div><\/li><li class=\"fusion-li-item\" style=\"\"><span class=\"icon-wrapper circle-no\"><i class=\"fusion-li-icon fa-shield-alt fas\" aria-hidden=\"true\"><\/i><\/span><div class=\"fusion-li-item-content\">\n<p><span style=\"color: var(--awb-color1);\"><a href=\"https:\/\/nationalgeneral.com\/policyholders\/claims\/\" target=\"_blank\" rel=\"noopener\">Seguro General Nacional<\/a><\/span><\/p>\n<\/div><\/li><li class=\"fusion-li-item\" style=\"\"><span class=\"icon-wrapper circle-no\"><i class=\"fusion-li-icon fa-shield-alt fas\" aria-hidden=\"true\"><\/i><\/span><div class=\"fusion-li-item-content\">\n<p><span style=\"color: var(--awb-color1);\"><a href=\"https:\/\/www.progressive.com\/claims\/\" target=\"_blank\" rel=\"noopener\">Seguros Progresivos<\/a><\/span><\/p>\n<\/div><\/li><li class=\"fusion-li-item\" style=\"\"><span class=\"icon-wrapper circle-no\"><i class=\"fusion-li-icon fa-shield-alt fas\" aria-hidden=\"true\"><\/i><\/span><div class=\"fusion-li-item-content\">\n<p><span style=\"color: var(--awb-color1);\"><a href=\"https:\/\/www.travelers.com\/claims\/file-claim\" target=\"_blank\" rel=\"noopener\">Seguro de Viajero<\/a><\/span><\/p>\n<\/div><\/li><\/ul><div class=\"fusion-text fusion-text-3\" style=\"--awb-font-size:16px;--awb-text-color:var(--awb-color3);--awb-margin-top:15px;--awb-text-font-family:&quot;Open Sans&quot;;--awb-text-font-style:normal;--awb-text-font-weight:400;\"><p><strong>Denunciar por tel\u00e9fono<\/strong><\/p>\n<p>\u00bfPrefieres llamar? Use la informaci\u00f3n de contacto a continuaci\u00f3n para comunicarse directamente con su compa\u00f1\u00eda de seguros para presentar su reclamo. Tenga a mano su n\u00famero de p\u00f3liza y su informe policial.<\/p>\n<\/div><ul style=\"--awb-iconcolor:var(--awb-color7);--awb-textcolor:#49849b;--awb-line-height:27.2px;--awb-icon-width:27.2px;--awb-icon-height:27.2px;--awb-icon-margin:11.2px;--awb-content-margin:38.4px;\" class=\"fusion-checklist fusion-checklist-2 fusion-checklist-default type-icons\"><li class=\"fusion-li-item\" style=\"\"><span class=\"icon-wrapper circle-no\"><i class=\"fusion-li-icon fa-phone-alt fas\" aria-hidden=\"true\"><\/i><\/span><div class=\"fusion-li-item-content\">\n<p>Seguros en Bristol West: 1-800-274-7865<\/p>\n<\/div><\/li><li class=\"fusion-li-item\" style=\"\"><span class=\"icon-wrapper circle-no\"><i class=\"fusion-li-icon fa-phone-alt fas\" aria-hidden=\"true\"><\/i><\/span><div class=\"fusion-li-item-content\">\n<p>Fianza CNA: 1-877-894-2676<\/p>\n<\/div><\/li><li class=\"fusion-li-item\" style=\"\"><span class=\"icon-wrapper circle-no\"><i class=\"fusion-li-icon fa-phone-alt fas\" aria-hidden=\"true\"><\/i><\/span><div class=\"fusion-li-item-content\">\n<p>Seguro de Dairyland: 1-800-334-0090<\/p>\n<\/div><\/li><li class=\"fusion-li-item\" style=\"\"><span class=\"icon-wrapper circle-no\"><i class=\"fusion-li-icon fa-phone-alt fas\" aria-hidden=\"true\"><\/i><\/span><div class=\"fusion-li-item-content\">\n<p>First Chicago Insurance: 1-888-262-8864<\/p>\n<\/div><\/li><li class=\"fusion-li-item\" style=\"\"><span class=\"icon-wrapper circle-no\"><i class=\"fusion-li-icon fa-phone-alt fas\" aria-hidden=\"true\"><\/i><\/span><div class=\"fusion-li-item-content\">\n<p>Foremost Insurance: 1-800-527-3907<\/p>\n<\/div><\/li><li class=\"fusion-li-item\" style=\"\"><span class=\"icon-wrapper circle-no\"><i class=\"fusion-li-icon fa-phone-alt fas\" aria-hidden=\"true\"><\/i><\/span><div class=\"fusion-li-item-content\">\n<p>Seguros en Hagerty: 1-800-385-0274<\/p>\n<\/div><\/li><li class=\"fusion-li-item\" style=\"\"><span class=\"icon-wrapper circle-no\"><i class=\"fusion-li-icon fa-phone-alt fas\" aria-hidden=\"true\"><\/i><\/span><div class=\"fusion-li-item-content\">\n<p>Seguro General Nacional: 888-325-1190<\/p>\n<\/div><\/li><li class=\"fusion-li-item\" style=\"\"><span class=\"icon-wrapper circle-no\"><i class=\"fusion-li-icon fa-phone-alt fas\" aria-hidden=\"true\"><\/i><\/span><div class=\"fusion-li-item-content\">\n<p>Seguro progresivo: 1-800-776-4737<\/p>\n<\/div><\/li><li class=\"fusion-li-item\" style=\"\"><span class=\"icon-wrapper circle-no\"><i class=\"fusion-li-icon fa-phone-alt fas\" aria-hidden=\"true\"><\/i><\/span><div class=\"fusion-li-item-content\">\n<p>Seguro de viajeros: 1-800-252-4633<\/p>\n<\/div><\/li><\/ul><\/div><\/div><div class=\"fusion-layout-column fusion_builder_column fusion-builder-column-1 fusion_builder_column_1_2 1_2 fusion-flex-column\" style=\"--awb-padding-top:20px;--awb-padding-right:20px;--awb-padding-bottom:20px;--awb-padding-left:20px;--awb-overflow:hidden;--awb-bg-size:cover;--awb-border-color:var(--awb-color5);--awb-border-top:1px;--awb-border-right:1px;--awb-border-bottom:1px;--awb-border-left:1px;--awb-border-style:solid;--awb-border-radius:10px 10px 10px 10px;--awb-width-large:50%;--awb-margin-top-large:0px;--awb-spacing-right-large:3.84%;--awb-margin-bottom-large:20px;--awb-spacing-left-large:3.84%;--awb-width-medium:50%;--awb-order-medium:0;--awb-spacing-right-medium:3.84%;--awb-spacing-left-medium:3.84%;--awb-width-small:100%;--awb-order-small:0;--awb-spacing-right-small:1.92%;--awb-spacing-left-small:1.92%;\"><div class=\"fusion-column-wrapper fusion-column-has-shadow fusion-flex-justify-content-flex-start fusion-content-layout-column\"><div class=\"fusion-title title fusion-title-3 fusion-sep-none fusion-title-text fusion-title-size-three\" style=\"--awb-text-color:var(--awb-color2);--awb-margin-top-small:10px;--awb-margin-right-small:0px;--awb-margin-bottom-small:10px;--awb-margin-left-small:0px;--awb-font-size:28px;\"><h3 class=\"fusion-title-heading title-heading-left\" style=\"font-family:&quot;Inter&quot;;font-style:normal;font-weight:400;margin:0;font-size:1em;\">Formulario de Asistencia para Reclamos<span style=\"font-size: 0em; line-height: 33.5px; letter-spacing: 0px;\" data-fusion-font=\"true\">Complete el siguiente formulario para enviar su solicitud de reclamo. Nuestro equipo lo revisar\u00e1 y se pondr\u00e1 en contacto con usted lo antes posible. Aseg\u00farate de incluir la mayor cantidad de informaci\u00f3n posible para ayudarnos a acelerar el proceso.  <\/span><strong style=\"font-size: 0em; line-height: 33.5px; letter-spacing: 0px;\" data-fusion-font=\"true\">Para obtener el servicio m\u00e1s r\u00e1pido, le recomendamos que env\u00ede su reclamo directamente a trav\u00e9s de su compa\u00f1\u00eda de seguros.<\/strong><\/h3><\/div><div class=\"frm_forms  with_frm_style frm_style_formidable-style\" id=\"frm_form_3_container\" data-token=\"85a70e1e8d449f5a0c0d2cf44b5d80b6\">\n<form enctype=\"multipart\/form-data\" method=\"post\" class=\"frm-show-form  frm_js_validate  frm_ajax_submit  frm_pro_form \" id=\"form_claims\" data-token=\"85a70e1e8d449f5a0c0d2cf44b5d80b6\">\n<div class=\"frm_form_fields \">\n<fieldset>\n<legend class=\"frm_screen_reader\"> Reclamos<\/legend>\r\n\r\n<div class=\"frm_fields_container\">\n<input type=\"hidden\" name=\"frm_action\" value=\"create\" \/>\n<input type=\"hidden\" name=\"form_id\" value=\"3\" \/>\n<input type=\"hidden\" name=\"frm_hide_fields_3\" id=\"frm_hide_fields_3\" value=\"\" \/>\n<input type=\"hidden\" name=\"form_key\" value=\"claims\" \/>\n<input type=\"hidden\" name=\"item_meta[0]\" value=\"\" \/>\n<input type=\"hidden\" id=\"frm_submit_entry_3\" name=\"frm_submit_entry_3\" value=\"81b79d912c\" \/><input type=\"hidden\" name=\"_wp_http_referer\" value=\"\/es\/wp-json\/wp\/v2\/pages\/2571\" \/><div id=\"frm_field_19_container\" class=\"frm_form_field form-field  frm_required_field frm_top_container frm_half\">\r\n\t<label for=\"field_u27al\" id=\"field_u27al_label\" class=\"frm_primary_label\">Nombre\r\n\t\t<span class=\"frm_required\" aria-hidden=\"true\">*<\/span>\r\n\t<\/label>\r\n\t<input  type=\"text\" id=\"field_u27al\" name=\"item_meta[19]\" value=\"\"  data-reqmsg=\"Nombre cannot be blank.\" aria-required=\"true\" data-invmsg=\"Nombre is invalid\" aria-invalid=\"false\"   \/>\r\n\t\r\n\t\r\n<\/div>\n<div id=\"frm_field_15_container\" class=\"frm_form_field form-field  frm_required_field frm_top_container\">\r\n\t<label for=\"field_2uwks\" id=\"field_2uwks_label\" class=\"frm_primary_label\"> Correo electr\u00f3nico\r\n\t\t<span class=\"frm_required\" aria-hidden=\"true\">*<\/span>\r\n\t<\/label>\r\n\t<input type=\"email\" id=\"field_2uwks\" name=\"item_meta[15]\" value=\"\"  data-reqmsg=\" Correo electr\u00f3nico cannot be blank.\" aria-required=\"true\" data-invmsg=\" Correo electr\u00f3nico is invalid\" aria-invalid=\"false\"  \/>\r\n\t\r\n\t\r\n<\/div>\n<div id=\"frm_field_17_container\" class=\"frm_form_field form-field  frm_required_field frm_top_container\">\r\n\t<label for=\"field_aq2i2\" id=\"field_aq2i2_label\" class=\"frm_primary_label\"> Tel\u00e9fono\r\n\t\t<span class=\"frm_required\" aria-hidden=\"true\">*<\/span>\r\n\t<\/label>\r\n\t<input type=\"tel\" id=\"field_aq2i2\" name=\"item_meta[17]\" value=\"\"  data-reqmsg=\" Tel\u00e9fono cannot be blank.\" aria-required=\"true\" data-invmsg=\" Tel\u00e9fono is invalid\" aria-invalid=\"false\" pattern=\"((\\+\\d{1,3}(-|.| )?\\(?\\d\\)?(-| |.)?\\d{1,5})|(\\(?\\d{2,6}\\)?))(-|.| )?(\\d{3,4})(-|.| )?(\\d{4})(( x| ext)\\d{1,5}){0,1}$\"  \/>\r\n\t\r\n\t\r\n<\/div>\n<div id=\"frm_field_14_container\" class=\"frm_form_field form-field  frm_top_container\">\r\n\t<label for=\"field_w9hae\" id=\"field_w9hae_label\" class=\"frm_primary_label\">Seguros Carrie\r\n\t\t<span class=\"frm_required\" aria-hidden=\"true\"><\/span>\r\n\t<\/label>\r\n\t<input  type=\"text\" id=\"field_w9hae\" name=\"item_meta[14]\" value=\"\"  data-invmsg=\"Seguros Carrie is invalid\" aria-invalid=\"false\"   \/>\r\n\t\r\n\t\r\n<\/div>\n<div id=\"frm_field_20_container\" class=\"frm_form_field form-field  frm_top_container\">\r\n\t<label for=\"field_mvy64\" id=\"field_mvy64_label\" class=\"frm_primary_label\">N\u00famero de p\u00f3liza de seguro\r\n\t\t<span class=\"frm_required\" aria-hidden=\"true\"><\/span>\r\n\t<\/label>\r\n\t<input  type=\"text\" id=\"field_mvy64\" name=\"item_meta[20]\" value=\"\"  data-invmsg=\"N\u00famero de p\u00f3liza de seguro is invalid\" aria-invalid=\"false\"   \/>\r\n\t\r\n\t\r\n<\/div>\n<div id=\"frm_field_21_container\" class=\"frm_form_field form-field  frm_required_field frm_top_container\">\r\n\t<label for=\"field_slzl1\" id=\"field_slzl1_label\" class=\"frm_primary_label\">Informaci\u00f3n de reclamo\r\n\t\t<span class=\"frm_required\" aria-hidden=\"true\">*<\/span>\r\n\t<\/label>\r\n\t<textarea name=\"item_meta[21]\" id=\"field_slzl1\" rows=\"5\"  data-reqmsg=\"Informaci\u00f3n de reclamo cannot be blank.\" aria-required=\"true\" data-invmsg=\"Informaci\u00f3n de reclamo no es v\u00e1lido\" aria-invalid=\"false\"  ><\/textarea>\r\n\t\r\n\t\r\n<\/div>\n<div id=\"frm_field_41_container\" class=\"frm_form_field form-field  frm_top_container vertical_radio\">\r\n\t<div  id=\"field_pek9x_label\" class=\"frm_primary_label\">Preferred Method of Contact\r\n\t\t<span class=\"frm_required\" aria-hidden=\"true\"><\/span>\r\n\t<\/div>\r\n\t<div class=\"frm_opt_container\" aria-labelledby=\"field_pek9x_label\" role=\"radiogroup\">\t\t<div class=\"frm_radio\" id=\"frm_radio_41-0\">\t\t\t<label  for=\"field_pek9x-0\">\n\t\t\t\t\t<input type=\"radio\" name=\"item_meta[41]\" id=\"field_pek9x-0\" value=\"Text\"\n\t\t data-invmsg=\"Preferred Method of Contact no es v\u00e1lido\"   \/> Texto<\/label><\/div>\n\t\t<div class=\"frm_radio\" id=\"frm_radio_41-1\">\t\t\t<label  for=\"field_pek9x-1\">\n\t\t\t\t\t<input type=\"radio\" name=\"item_meta[41]\" id=\"field_pek9x-1\" value=\"Phone Call\"\n\t\t data-invmsg=\"Preferred Method of Contact no es v\u00e1lido\"   \/> Llamada telef\u00f3nica<\/label><\/div>\n\t\t<div class=\"frm_radio\" id=\"frm_radio_41-2\">\t\t\t<label  for=\"field_pek9x-2\">\n\t\t\t\t\t<input type=\"radio\" name=\"item_meta[41]\" id=\"field_pek9x-2\" value=\"Email\"\n\t\t data-invmsg=\"Preferred Method of Contact no es v\u00e1lido\"   \/>  Correo electr\u00f3nico<\/label><\/div>\n<\/div>\r\n\t\r\n\t\r\n<\/div>\n<div id=\"frm_field_42_container\" class=\"frm_form_field form-field  frm_top_container vertical_radio\">\r\n\t<div  id=\"field_suwkw_label\" class=\"frm_primary_label\">Mensajes de texto\r\n\t\t<span class=\"frm_required\" aria-hidden=\"true\"><\/span>\r\n\t<\/div>\r\n\t<div class=\"frm_opt_container\" aria-labelledby=\"field_suwkw_label\" role=\"radiogroup\">\t\t<div class=\"frm_radio\" id=\"frm_radio_42-0\">\t\t\t<label  for=\"field_suwkw-0\">\n\t\t\t\t\t<input type=\"radio\" name=\"item_meta[42]\" id=\"field_suwkw-0\" value=\"Yes, I agree to receive text messages from The Insurance Specialists Inc. regarding my insurance quotes, policy updates, and other related services. Message and data rates may apply. You can opt-out at any time.\"\n\t\t data-invmsg=\"Mensajes de texto no es v\u00e1lido\"   \/> S\u00ed, acepto recibir mensajes de texto de The Insurance Specialists Inc. sobre mis cotizaciones de seguros, actualizaciones de p\u00f3lizas y otros servicios relacionados. Es posible que se apliquen tarifas de mensajes y datos. Puede darse de baja en cualquier momento.<\/label><\/div>\n\t\t<div class=\"frm_radio\" id=\"frm_radio_42-1\">\t\t\t<label  for=\"field_suwkw-1\">\n\t\t\t\t\t<input type=\"radio\" name=\"item_meta[42]\" id=\"field_suwkw-1\" value=\"No, I do not wish to receive text messages from The Insurance Specialists Inc. I understand that I may still receive communications via email or phone.\"\n\t\t data-invmsg=\"Mensajes de texto no es v\u00e1lido\"   \/> No, no deseo recibir mensajes de texto de The Insurance Specialists Inc. Entiendo que a\u00fan puedo recibir comunicaciones por correo electr\u00f3nico o por tel\u00e9fono.<\/label><\/div>\n<\/div>\r\n\t\r\n\t\r\n<\/div>\n<div id=\"frm_field_44_container\" class=\"frm_form_field  frm_html_container form-field\">Al seleccionar \"S\u00ed\", usted acepta recibir mensajes de texto automatizados y no automatizados. Puede optar por no participar respondiendo 'STOP' a cualquier mensaje.<\/div>\n<div id=\"frm_field_43_container\" class=\"frm_form_field form-field  frm_none_container\">\r\n\t<label for=\"g-recaptcha-response\" id=\"field_x3vmr_label\" class=\"frm_primary_label\">Captcha\r\n\t\t<span class=\"frm_required\" aria-hidden=\"true\"><\/span>\r\n\t<\/label>\r\n\t<div  id=\"field_x3vmr\" class=\"g-recaptcha\" data-sitekey=\"6LeqxFMqAAAAAFiAH_sNhoV9mFZqgwCW1-ZgMz8s\" data-size=\"normal\" data-theme=\"light\"><\/div>\r\n\t\r\n\t\r\n<\/div>\n<div id=\"frm_field_13_container\" class=\"frm_form_field form-field \">\r\n\t<div class=\"frm_submit frm_flex\">\r\n<button class=\"frm_button_submit frm_final_submit\" type=\"submit\"   formnovalidate=\"formnovalidate\">Entregar<\/button>\r\n\r\n\r\n\r\n<\/div>\r\n<\/div>\n\t<input type=\"hidden\" name=\"item_key\" value=\"\" \/>\n\t\t\t<div id=\"frm_field_60_container\">\n\t\t\t<label for=\"field_n6xlh\" >\n\t\t\t\tSi eres humano, deja este campo en blanco.\t\t\t<\/label>\n\t\t\t<input  id=\"field_n6xlh\" type=\"text\" class=\"frm_form_field form-field frm_verify\" name=\"item_meta[60]\" value=\"\"  \/>\n\t\t<\/div>\n\t\t<input name=\"frm_state\" type=\"hidden\" value=\"HCDcldqcmYnwioUUTZFJdXn8nCCpBIRm61Lpy7e\/hYnM\/l5q8kwXroSNBozeBara\" \/><\/div>\n<\/fieldset>\n<\/div>\n\n<\/form>\n<\/div>\n<div class=\"fusion-text fusion-text-4\" style=\"--awb-font-size:12px;--awb-text-color:var(--awb-color3);--awb-text-font-family:&quot;Open Sans&quot;;--awb-text-font-style:normal;--awb-text-font-weight:400;\"><p><strong>Aviso<\/strong><br \/>\n importanteCualquier env\u00edo o pago realizado a trav\u00e9s de este sitio web no constituye un acuerdo vinculante para su p\u00f3liza o coberturas. Los cambios y pagos a las p\u00f3lizas no son efectivos ni vinculantes hasta que usted, o cualquier parte involucrada, reciba una notificaci\u00f3n oficial de su agente de seguros o de su compa\u00f1\u00eda de seguros. Si tiene alguna pregunta, no dude <a href=\"https:\/\/www.insspecinc.com\/es\/acerca-de\/contactenos\/\">en contactarnos<\/a>.<br \/>\nDe acuerdo con los t\u00e9rminos de nuestra <a href=\"https:\/\/www.insspecinc.com\/es\/politica-de-privacidad\/\">pol\u00edtica de privacidad<\/a> en l\u00ednea, no revenderemos su informaci\u00f3n a ning\u00fan tercero.<\/p>\n<\/div><\/div><\/div><\/div><\/div>\n","protected":false},"excerpt":{"rendered":"","protected":false},"author":1,"featured_media":0,"parent":1750,"menu_order":1,"comment_status":"closed","ping_status":"closed","template":"100-width.php","meta":{"footnotes":""},"class_list":["post-2571","page","type-page","status-publish","hentry"],"_links":{"self":[{"href":"https:\/\/www.insspecinc.com\/es\/wp-json\/wp\/v2\/pages\/2571","targetHints":{"allow":["GET"]}}],"collection":[{"href":"https:\/\/www.insspecinc.com\/es\/wp-json\/wp\/v2\/pages"}],"about":[{"href":"https:\/\/www.insspecinc.com\/es\/wp-json\/wp\/v2\/types\/page"}],"author":[{"embeddable":true,"href":"https:\/\/www.insspecinc.com\/es\/wp-json\/wp\/v2\/users\/1"}],"replies":[{"embeddable":true,"href":"https:\/\/www.insspecinc.com\/es\/wp-json\/wp\/v2\/comments?post=2571"}],"version-history":[{"count":4,"href":"https:\/\/www.insspecinc.com\/es\/wp-json\/wp\/v2\/pages\/2571\/revisions"}],"predecessor-version":[{"id":3213,"href":"https:\/\/www.insspecinc.com\/es\/wp-json\/wp\/v2\/pages\/2571\/revisions\/3213"}],"up":[{"embeddable":true,"href":"https:\/\/www.insspecinc.com\/es\/wp-json\/wp\/v2\/pages\/1750"}],"wp:attachment":[{"href":"https:\/\/www.insspecinc.com\/es\/wp-json\/wp\/v2\/media?parent=2571"}],"curies":[{"name":"wp","href":"https:\/\/api.w.org\/{rel}","templated":true}]}}