{"id":2579,"date":"2024-08-29T12:00:46","date_gmt":"2024-08-29T17:00:46","guid":{"rendered":"https:\/\/www.insspecinc.com\/acerca-de\/quienes-somos\/"},"modified":"2025-02-24T11:03:42","modified_gmt":"2025-02-24T17:03:42","slug":"quienes-somos","status":"publish","type":"page","link":"https:\/\/www.insspecinc.com\/es\/acerca-de\/quienes-somos\/","title":{"rendered":"Qui\u00e9nes somos"},"content":{"rendered":"<div class=\"fusion-fullwidth fullwidth-box fusion-builder-row-1 fusion-flex-container has-pattern-background has-mask-background nonhundred-percent-fullwidth non-hundred-percent-height-scrolling\" style=\"--awb-border-radius-top-left:0px;--awb-border-radius-top-right:0px;--awb-border-radius-bottom-right:0px;--awb-border-radius-bottom-left:0px;--awb-flex-wrap:wrap;\" ><div class=\"fusion-builder-row fusion-row fusion-flex-align-items-flex-start fusion-flex-content-wrap\" style=\"max-width:1248px;margin-left: calc(-4% \/ 2 );margin-right: calc(-4% \/ 2 );\"><div class=\"fusion-layout-column fusion_builder_column fusion-builder-column-0 fusion_builder_column_1_2 1_2 fusion-flex-column\" style=\"--awb-bg-size:cover;--awb-width-large:50%;--awb-margin-top-large:0px;--awb-spacing-right-large:3.84%;--awb-margin-bottom-large:20px;--awb-spacing-left-large:3.84%;--awb-width-medium:50%;--awb-order-medium:0;--awb-spacing-right-medium:3.84%;--awb-spacing-left-medium:3.84%;--awb-width-small:100%;--awb-order-small:0;--awb-spacing-right-small:1.92%;--awb-spacing-left-small:1.92%;\"><div class=\"fusion-column-wrapper fusion-column-has-shadow fusion-flex-justify-content-flex-start fusion-content-layout-column\"><div class=\"fusion-title title fusion-title-1 fusion-sep-none fusion-title-text fusion-title-size-one\" style=\"--awb-margin-bottom:25px;--awb-margin-top-small:10px;--awb-margin-right-small:0px;--awb-margin-bottom-small:10px;--awb-margin-left-small:0px;--awb-font-size:32px;\"><h1 class=\"fusion-title-heading title-heading-left\" style=\"margin:0;font-size:1em;\"><strong>Acerca de The Insurance Specialists Inc. \u2013 Su socio de confianza desde 1991 <\/strong><\/h1><\/div><div class=\"fusion-text fusion-text-1\"><p>Desde 1991, <strong>The Insurance Specialists Inc.<\/strong> se ha dedicado a proporcionar diversas soluciones de seguros dise\u00f1adas para satisfacer las necesidades individuales de nuestros clientes.<\/p>\n<p>Ya sea que necesites cobertura para tu veh\u00edculo, vivienda, negocio o p\u00f3lizas m\u00e1s especializadas como SR-22, motocicleta o seguro de inquilinos, estamos aqu\u00ed para ayudarte.<\/p>\n<p>Nuestras ofertas integrales tambi\u00e9n incluyen seguros comerciales de autom\u00f3viles, embarcaciones y m\u00e1s, lo que nos convierte en una opci\u00f3n confiable para las necesidades de seguros personales y comerciales.<\/p>\n<p>Nos esforzamos por ofrecer una experiencia fluida y todo en uno, asegur\u00e1ndonos de que, independientemente de su situaci\u00f3n espec\u00edfica, tengamos la p\u00f3liza adecuada para usted.<\/p>\n<p><strong>Nos enorgullecemos de servir al \u00e1rea de Des Moines, donde nuestro compromiso de apoyar a la comunidad local contin\u00faa creciendo.<\/strong><\/p>\n<p>Como agencia de seguros independiente, tenemos la ventaja de trabajar con una amplia selecci\u00f3n de aseguradoras de confianza. Esta flexibilidad nos permite explorar y presentar opciones de seguro personalizadas que mejor se adapten a sus necesidades y objetivos financieros \u00fanicos. <\/p>\n<p>Al centrarnos en una atenci\u00f3n al cliente excepcional, nos aseguramos de que el proceso de encontrar la p\u00f3liza adecuada no solo est\u00e9 libre de estr\u00e9s, sino que est\u00e9 totalmente personalizado para que coincida con sus preferencias espec\u00edficas.<\/p>\n<p>Puede seguir adelante con tranquilidad, sabiendo que su cobertura ha sido cuidadosamente dise\u00f1ada para proteger lo que m\u00e1s le importa.<\/p>\n<\/div><\/div><\/div><div class=\"fusion-layout-column fusion_builder_column fusion-builder-column-1 fusion_builder_column_1_2 1_2 fusion-flex-column\" style=\"--awb-bg-size:cover;--awb-width-large:50%;--awb-margin-top-large:0px;--awb-spacing-right-large:3.84%;--awb-margin-bottom-large:20px;--awb-spacing-left-large:3.84%;--awb-width-medium:50%;--awb-order-medium:0;--awb-spacing-right-medium:3.84%;--awb-spacing-left-medium:3.84%;--awb-width-small:100%;--awb-order-small:0;--awb-spacing-right-small:1.92%;--awb-spacing-left-small:1.92%;\"><div class=\"fusion-column-wrapper fusion-column-has-shadow fusion-flex-justify-content-flex-start fusion-content-layout-column\"><div class=\"fusion-image-element \" style=\"text-align:center;--awb-bottom-shadow-color:var(--awb-color7);--awb-caption-title-font-family:var(--h2_typography-font-family);--awb-caption-title-font-weight:var(--h2_typography-font-weight);--awb-caption-title-font-style:var(--h2_typography-font-style);--awb-caption-title-size:var(--h2_typography-font-size);--awb-caption-title-transform:var(--h2_typography-text-transform);--awb-caption-title-line-height:var(--h2_typography-line-height);--awb-caption-title-letter-spacing:var(--h2_typography-letter-spacing);\"><div class=\"awb-image-frame awb-image-frame-1 awb-bottomshadow\"><span class=\" fusion-imageframe imageframe-bottomshadow imageframe-1 hover-type-none\"><img decoding=\"async\" width=\"400\" height=\"294\" alt=\"Los Especialistas en Seguros Inc.\" title=\"front-of-office\" src=\"https:\/\/www.insspecinc.com\/wp-content\/uploads\/2024\/09\/front-of-office-400x294.jpg\" class=\"img-responsive wp-image-1670\" srcset=\"https:\/\/www.insspecinc.com\/wp-content\/uploads\/2024\/09\/front-of-office-200x147.jpg 200w, https:\/\/www.insspecinc.com\/wp-content\/uploads\/2024\/09\/front-of-office-400x294.jpg 400w, https:\/\/www.insspecinc.com\/wp-content\/uploads\/2024\/09\/front-of-office-600x441.jpg 600w, https:\/\/www.insspecinc.com\/wp-content\/uploads\/2024\/09\/front-of-office.jpg 800w\" sizes=\"(max-width: 640px) 100vw, 600px\" \/><\/span><svg xmlns=\"http:\/\/www.w3.org\/2000\/svg\" version=\"1.1\" width=\"100%\" viewBox=\"0 0 600 28\" preserveAspectRatio=\"none\"><g clip-path=\"url(#a)\"><mask id=\"b\" style=\"mask-type:luminance\" maskUnits=\"userSpaceOnUse\" x=\"0\" y=\"0\" width=\"600\" height=\"28\"><path d=\"M0 0h600v28H0V0Z\" fill=\"#fff\"\/><\/mask><g filter=\"url(#c)\" mask=\"url(#b)\"><path d=\"M16.439-18.667h567.123v30.8S438.961-8.4 300-8.4C161.04-8.4 16.438 12.133 16.438 12.133v-30.8Z\" fill=\"#000\"\/><\/g><\/g><defs><clipPath id=\"a\"><path fill=\"#fff\" d=\"M0 0h600v28H0z\"\/><\/clipPath><filter id=\"c\" x=\"5.438\" y=\"-29.667\" width=\"589.123\" height=\"52.8\" filterUnits=\"userSpaceOnUse\" color-interpolation-filters=\"sRGB\"><feFlood flood-opacity=\"0\" result=\"BackgroundImageFix\"\/><feBlend in=\"SourceGraphic\" in2=\"BackgroundImageFix\" result=\"shape\"\/><feGaussianBlur stdDeviation=\"5.5\" result=\"effect1_foregroundBlur_3983_183\"\/><\/filter><\/defs><\/svg><\/div><\/div><div class=\"fusion-text fusion-text-2\" style=\"--awb-font-size:14px;\"><p style=\"text-align: center;\">Nuestra oficina en Euclid en Des Moines<\/p>\n<\/div><div class=\"fusion-title title fusion-title-2 fusion-sep-none fusion-title-center fusion-title-text fusion-title-size-one\" style=\"--awb-margin-top:40px;--awb-margin-bottom:25px;--awb-margin-top-small:10px;--awb-margin-right-small:0px;--awb-margin-bottom-small:10px;--awb-margin-left-small:0px;--awb-font-size:32px;\"><h1 class=\"fusion-title-heading title-heading-center\" style=\"margin:0;font-size:1em;\"><strong>NUESTRA MISI\u00d3N<\/strong><\/h1><\/div><div class=\"fusion-text fusion-text-3\"><p>En The Insurance Specialists Inc., nuestra misi\u00f3n es proporcionar un seguro accesible y asequible mientras mantenemos los m\u00e1s altos est\u00e1ndares de servicio.  <strong>Nos comprometemos a asegurarnos de que la cobertura de alta calidad est\u00e9 disponible para todos, sin que se convierta en una carga financiera. A trav\u00e9s de nuestras asociaciones con una amplia gama de proveedores de seguros confiables, podemos ofrecer planes que no solo se adaptan a sus necesidades, sino que tambi\u00e9n se mantienen dentro de su presupuesto. <\/strong>  El proceso de seguro debe ser simple, y eso es lo que nos esforzamos por lograr con cada interacci\u00f3n con el cliente: un servicio r\u00e1pido, transparente y sin complicaciones.<\/p>\n<p>Nuestro objetivo a largo plazo es construir relaciones duraderas con nuestros clientes al brindar apoyo continuo a lo largo del viaje de los seguros. Ya sea que te est\u00e9s inscribiendo en una nueva p\u00f3liza o necesites ayuda con una existente, estamos aqu\u00ed para ayudarte a guiarte en cada paso. Proteger sus activos y garantizar su tranquilidad es el n\u00facleo de todo lo que hacemos en The Insurance Specialists Inc.<\/p>\n<\/div><div class=\"fusion-separator fusion-full-width-sep\" style=\"align-self: center;margin-left: auto;margin-right: auto;margin-top:30px;width:100%;\"><\/div><\/div><\/div><div class=\"fusion-layout-column fusion_builder_column fusion-builder-column-2 fusion_builder_column_1_1 1_1 fusion-flex-column\" style=\"--awb-bg-size:cover;--awb-width-large:100%;--awb-margin-top-large:0px;--awb-spacing-right-large:1.92%;--awb-margin-bottom-large:20px;--awb-spacing-left-large:1.92%;--awb-width-medium:100%;--awb-order-medium:0;--awb-spacing-right-medium:1.92%;--awb-spacing-left-medium:1.92%;--awb-width-small:100%;--awb-order-small:0;--awb-spacing-right-small:1.92%;--awb-spacing-left-small:1.92%;\"><div class=\"fusion-column-wrapper fusion-column-has-shadow fusion-flex-justify-content-flex-start fusion-content-layout-column\"><div class=\"fusion-title title fusion-title-3 fusion-sep-none fusion-title-text fusion-title-size-one\" style=\"--awb-margin-bottom:25px;--awb-margin-top-small:10px;--awb-margin-right-small:0px;--awb-margin-bottom-small:10px;--awb-margin-left-small:0px;--awb-font-size:32px;\"><h1 class=\"fusion-title-heading title-heading-left\" style=\"margin:0;font-size:1em;\"><strong>Nuestros Clientes<\/strong><\/h1><\/div><div class=\"fusion-text fusion-text-4\"><p>Los Especialistas en Seguros Inc., son  <strong>comprometidos a satisfacer las necesidades de seguros de un amplio espectro de clientes. Nuestros servicios est\u00e1n dise\u00f1ados para apoyar a individuos, familias y empresas, independientemente de su situaci\u00f3n financiera o antecedentes culturales. <\/strong>  Nos esforzamos por proporcionar un seguro accesible y de alta calidad para que cada cliente, ya sea personal o comercial, pueda obtener la cobertura que mejor se adapte a su situaci\u00f3n \u00fanica.<\/p>\n<p>Entendemos la importancia del servicio personalizado, por lo que ofrecemos opciones de seguros a medida para diferentes sectores y perfiles de clientes. Ya sea que est\u00e9 buscando protecci\u00f3n para sus activos personales o su negocio, nuestro equipo trabaja diligentemente para ofrecer p\u00f3lizas que aborden sus requisitos espec\u00edficos mientras se mantienen dentro de sus par\u00e1metros financieros.<\/p>\n<\/div><\/div><\/div><\/div><\/div>\n","protected":false},"excerpt":{"rendered":"","protected":false},"author":1,"featured_media":0,"parent":1738,"menu_order":1,"comment_status":"closed","ping_status":"closed","template":"100-width.php","meta":{"footnotes":""},"class_list":["post-2579","page","type-page","status-publish","hentry"],"_links":{"self":[{"href":"https:\/\/www.insspecinc.com\/es\/wp-json\/wp\/v2\/pages\/2579","targetHints":{"allow":["GET"]}}],"collection":[{"href":"https:\/\/www.insspecinc.com\/es\/wp-json\/wp\/v2\/pages"}],"about":[{"href":"https:\/\/www.insspecinc.com\/es\/wp-json\/wp\/v2\/types\/page"}],"author":[{"embeddable":true,"href":"https:\/\/www.insspecinc.com\/es\/wp-json\/wp\/v2\/users\/1"}],"replies":[{"embeddable":true,"href":"https:\/\/www.insspecinc.com\/es\/wp-json\/wp\/v2\/comments?post=2579"}],"version-history":[{"count":3,"href":"https:\/\/www.insspecinc.com\/es\/wp-json\/wp\/v2\/pages\/2579\/revisions"}],"predecessor-version":[{"id":2779,"href":"https:\/\/www.insspecinc.com\/es\/wp-json\/wp\/v2\/pages\/2579\/revisions\/2779"}],"up":[{"embeddable":true,"href":"https:\/\/www.insspecinc.com\/es\/wp-json\/wp\/v2\/pages\/1738"}],"wp:attachment":[{"href":"https:\/\/www.insspecinc.com\/es\/wp-json\/wp\/v2\/media?parent=2579"}],"curies":[{"name":"wp","href":"https:\/\/api.w.org\/{rel}","templated":true}]}}