{"id":2585,"date":"2024-08-29T13:26:14","date_gmt":"2024-08-29T18:26:14","guid":{"rendered":"https:\/\/www.insspecinc.com\/condiciones-de-uso-de-sms\/"},"modified":"2025-02-19T13:46:57","modified_gmt":"2025-02-19T19:46:57","slug":"condiciones-de-uso-de-sms","status":"publish","type":"page","link":"https:\/\/www.insspecinc.com\/es\/condiciones-de-uso-de-sms\/","title":{"rendered":"Condiciones de uso de SMS"},"content":{"rendered":"<p><strong>General<\/strong> Al suscribirse a las alertas y notificaciones por mensaje de texto de The Insurance Specialists Inc (\u00abAgencia\u00bb, \u00abnosotros\u00bb, \u00abnos\u00bb o \u00abnuestro\u00bb), usted acepta recibir mensajes de texto y notificaciones autom\u00e1ticas recurrentes al n\u00famero de tel\u00e9fono m\u00f3vil que proporcion\u00f3 durante la suscripci\u00f3n.<br \/>\nEstos mensajes pueden incluir, entre otros, informaci\u00f3n sobre sus p\u00f3lizas de seguro, recordatorios, actualizaciones y comunicaciones de marketing relacionadas con los productos y servicios ofrecidos por The Insurance Specialists Inc. <strong>Consentimiento<\/strong> Al optar por participar, usted reconoce que es el usuario autorizado del n\u00famero de tel\u00e9fono m\u00f3vil proporcionado y acepta recibir mensajes de texto de The Insurance Specialists Inc.<br \/>\nNo se requiere el consentimiento para recibir mensajes de texto de marketing como condici\u00f3n para comprar bienes o servicios.<br \/>\nEs posible que se apliquen tarifas est\u00e1ndar de mensajes y datos. <strong>Exclusi\u00f3n<\/strong> voluntaria Para dejar de recibir mensajes de texto, puede optar por no recibir mensajes de texto en cualquier momento respondiendo con la palabra \u00abSTOP\u00bb a cualquier mensaje de texto que reciba de nosotros.<br \/>\nDespu\u00e9s de enviar el mensaje \u00abSTOP\u00bb, le enviaremos un mensaje de texto de confirmaci\u00f3n para informarle que se ha dado de baja.<br \/>\nYa no recibir\u00e1 mensajes de texto de The Insurance Specialists Inc, a excepci\u00f3n de los mensajes relacionados con el servicio que sean necesarios para su cuenta o transacciones. <strong>Ayuda y soporte<\/strong> Si necesita ayuda o tiene preguntas sobre nuestro servicio de mensajer\u00eda de texto, puede responder con la palabra \u00abAYUDA\u00bb a cualquier mensaje de texto que reciba de nosotros o comunicarse con nosotros directamente al 515-280-1207 o por correo electr\u00f3nico al <a href=\"mailto:info@insspecinc.com\" target=\"_blank\" rel=\"noopener\">info@insspecinc.com<\/a>.<br \/>\nEs posible que se apliquen tarifas est\u00e1ndar de mensajes y datos. <strong>Frecuencia de los mensajes<\/strong> La cantidad de mensajes de texto que reciba variar\u00e1 dependiendo de sus interacciones con The Insurance Specialists Inc.<br \/>\nEs posible que reciba varios mensajes al mes relacionados con sus p\u00f3lizas, servicios u ofertas promocionales. <strong>Privacidad<\/strong> The Insurance Specialists Inc respeta su privacidad.<br \/>\nSolo utilizaremos su n\u00famero de tel\u00e9fono m\u00f3vil para proporcionarle la informaci\u00f3n que ha solicitado o como se describe en nuestra Pol\u00edtica de Privacidad (incluya un enlace a su Pol\u00edtica de Privacidad aqu\u00ed).<br \/>\nSu informaci\u00f3n no ser\u00e1 compartida con terceros para sus fines de marketing sin su consentimiento expreso. <strong>Costos<\/strong> Es posible que se apliquen tarifas de mensajes y datos a cualquier mensaje que le env\u00ede The Insurance Specialists Inc y que usted le env\u00ede a The Insurance Specialists Inc.<br \/>\nSi tienes alguna pregunta sobre tu plan de texto o datos, lo mejor es que te comuniques con tu proveedor de servicios inal\u00e1mbricos. <strong>Portadores<\/strong> El servicio de mensajer\u00eda de texto de Insurance Specialists Inc es compatible con todos los principales proveedores de servicios inal\u00e1mbricos de EE. UU., incluidos AT&amp;T, Verizon Wireless, T-Mobile, Sprint y otros.<br \/>\nSin embargo, no podemos garantizar la entrega de mensajes y no somos responsables de ning\u00fan retraso o falla en la recepci\u00f3n de mensajes. <strong>Cambios en los t\u00e9rminos y condiciones<\/strong> Insurance Specialists Inc se reserva el derecho de cambiar estos T\u00e9rminos y Condiciones de Mensajes de Texto en cualquier momento.<br \/>\nCualquier cambio entrar\u00e1 en vigor una vez que se publique en nuestro sitio web, insspecinc.com.<br \/>\nSu uso continuado del servicio de mensajer\u00eda de texto despu\u00e9s de dichos cambios significa su aceptaci\u00f3n de los T\u00e9rminos y Condiciones revisados. <strong>Informaci\u00f3n de contacto<\/strong> Para cualquier pregunta o inquietud con respecto a estos T\u00e9rminos y Condiciones de Mensajes de Texto, comun\u00edquese con nosotros a: The Insurance Specialists Inc. 514 E Euclid Ave.<br \/>\nDes Moines, IA 50313 <a class=\"keychainify-checked\" href=\"tel:515-280-1207\">515-280-1207<\/a>              <\/p>\n","protected":false},"excerpt":{"rendered":"<p>General Al suscribirse a las alertas y notificaciones por mensaje de texto de The Insurance Specialists Inc (\u00abAgencia\u00bb, \u00abnosotros\u00bb, \u00abnos\u00bb o \u00abnuestro\u00bb), usted acepta recibir mensajes de texto  [&#8230;]<\/p>\n","protected":false},"author":1,"featured_media":0,"parent":0,"menu_order":13,"comment_status":"closed","ping_status":"closed","template":"","meta":{"footnotes":""},"class_list":["post-2585","page","type-page","status-publish","hentry"],"_links":{"self":[{"href":"https:\/\/www.insspecinc.com\/es\/wp-json\/wp\/v2\/pages\/2585","targetHints":{"allow":["GET"]}}],"collection":[{"href":"https:\/\/www.insspecinc.com\/es\/wp-json\/wp\/v2\/pages"}],"about":[{"href":"https:\/\/www.insspecinc.com\/es\/wp-json\/wp\/v2\/types\/page"}],"author":[{"embeddable":true,"href":"https:\/\/www.insspecinc.com\/es\/wp-json\/wp\/v2\/users\/1"}],"replies":[{"embeddable":true,"href":"https:\/\/www.insspecinc.com\/es\/wp-json\/wp\/v2\/comments?post=2585"}],"version-history":[{"count":0,"href":"https:\/\/www.insspecinc.com\/es\/wp-json\/wp\/v2\/pages\/2585\/revisions"}],"wp:attachment":[{"href":"https:\/\/www.insspecinc.com\/es\/wp-json\/wp\/v2\/media?parent=2585"}],"curies":[{"name":"wp","href":"https:\/\/api.w.org\/{rel}","templated":true}]}}