{"id":2586,"date":"2024-08-29T13:25:59","date_gmt":"2024-08-29T18:25:59","guid":{"rendered":"https:\/\/www.insspecinc.com\/declaracion-de-accesibilidad\/"},"modified":"2024-08-29T13:25:59","modified_gmt":"2024-08-29T18:25:59","slug":"declaracion-de-accesibilidad","status":"publish","type":"page","link":"https:\/\/www.insspecinc.com\/es\/declaracion-de-accesibilidad\/","title":{"rendered":"Declaraci\u00f3n de accesibilidad"},"content":{"rendered":"<p><strong>Declaraci\u00f3n de accesibilidad<\/strong> Nos esforzamos por garantizar que sus servicios sean accesibles para las personas con discapacidades.<br \/>\nHemos invertido una cantidad significativa de recursos para ayudar a garantizar que su sitio web sea m\u00e1s f\u00e1cil de usar y m\u00e1s accesible para las personas con discapacidades, con la firme creencia de que todas las personas tienen derecho a vivir con dignidad, igualdad, comodidad e independencia. <strong>Accesibilidad en este sitio<\/strong> Ponemos a disposici\u00f3n el <a class=\"keychainify-checked\" href=\"https:\/\/userway.org\/\" target=\"_blank\" rel=\"noopener\">widget de accesibilidad del sitio web de UserWay<\/a> que funciona con un servidor de accesibilidad dedicado.<br \/>\nEl software nos permite mejorar su cumplimiento de las Pautas de Accesibilidad al Contenido Web (WCAG 2.1). <strong>Habilitaci\u00f3n del men\u00fa de accesibilidad<\/strong> Nuestro men\u00fa de accesibilidad se puede habilitar haciendo clic en el icono del men\u00fa de accesibilidad que aparece en la esquina de la p\u00e1gina.<br \/>\nDespu\u00e9s de activar el men\u00fa de accesibilidad, espere un momento a que el men\u00fa de accesibilidad se cargue en su totalidad. <strong>Renuncia<\/strong> Continuamos nuestros esfuerzos para mejorar constantemente la accesibilidad de su sitio y servicios en la creencia de que es nuestra obligaci\u00f3n moral colectiva permitir un uso fluido, accesible y sin obst\u00e1culos tambi\u00e9n para aquellos de nosotros con discapacidades.<br \/>\nA pesar de nuestros esfuerzos por hacer que todas las p\u00e1ginas y el contenido sean totalmente accesibles, es posible que algunos contenidos a\u00fan no se hayan adaptado completamente a los est\u00e1ndares de accesibilidad m\u00e1s estrictos.<br \/>\nEsto puede ser el resultado de no haber encontrado o identificado la soluci\u00f3n tecnol\u00f3gica m\u00e1s adecuada. <strong>Aqu\u00ed para ti<\/strong> Si tiene dificultades con cualquier contenido de nuestro sitio o necesita ayuda con cualquier parte de nuestro sitio, comun\u00edquese con nosotros durante el horario comercial normal como se detalla a continuaci\u00f3n y estaremos encantados de ayudarlo. <strong>Cont\u00e1ctenos<\/strong> Si desea informar de un problema de accesibilidad, tiene alguna pregunta o necesita ayuda, p\u00f3ngase en contacto con el servicio de atenci\u00f3n al cliente a trav\u00e9s de nuestra p\u00e1gina de contacto.<br \/>\nThe Insurance Specialists, Inc., 514 E Euclid Ave.<br \/>\nDes Moines, IA 50313 <a class=\"keychainify-checked\" href=\"tel:515-280-1207\">515-280-1207<\/a>       <\/p>\n","protected":false},"excerpt":{"rendered":"<p>Declaraci\u00f3n de accesibilidad Nos esforzamos por garantizar que sus servicios sean accesibles para las personas con discapacidades. Hemos invertido una cantidad significativa de recursos para ayudar a garantizar  [&#8230;]<\/p>\n","protected":false},"author":1,"featured_media":0,"parent":0,"menu_order":12,"comment_status":"closed","ping_status":"closed","template":"","meta":{"footnotes":""},"class_list":["post-2586","page","type-page","status-publish","hentry"],"_links":{"self":[{"href":"https:\/\/www.insspecinc.com\/es\/wp-json\/wp\/v2\/pages\/2586","targetHints":{"allow":["GET"]}}],"collection":[{"href":"https:\/\/www.insspecinc.com\/es\/wp-json\/wp\/v2\/pages"}],"about":[{"href":"https:\/\/www.insspecinc.com\/es\/wp-json\/wp\/v2\/types\/page"}],"author":[{"embeddable":true,"href":"https:\/\/www.insspecinc.com\/es\/wp-json\/wp\/v2\/users\/1"}],"replies":[{"embeddable":true,"href":"https:\/\/www.insspecinc.com\/es\/wp-json\/wp\/v2\/comments?post=2586"}],"version-history":[{"count":0,"href":"https:\/\/www.insspecinc.com\/es\/wp-json\/wp\/v2\/pages\/2586\/revisions"}],"wp:attachment":[{"href":"https:\/\/www.insspecinc.com\/es\/wp-json\/wp\/v2\/media?parent=2586"}],"curies":[{"name":"wp","href":"https:\/\/api.w.org\/{rel}","templated":true}]}}