{"id":2587,"date":"2024-08-29T13:25:36","date_gmt":"2024-08-29T18:25:36","guid":{"rendered":"https:\/\/www.insspecinc.com\/politica-de-cookies\/"},"modified":"2024-08-29T13:25:36","modified_gmt":"2024-08-29T18:25:36","slug":"politica-de-cookies","status":"publish","type":"page","link":"https:\/\/www.insspecinc.com\/es\/politica-de-cookies\/","title":{"rendered":"Pol\u00edtica de cookies"},"content":{"rendered":"<p><strong>Pol\u00edtica de cookies<\/strong> Para enriquecer su experiencia en l\u00ednea, utilizamos \u00abCookies\u00bb, tecnolog\u00edas similares y servicios proporcionados por otros para mostrar contenido personalizado, publicidad adecuada y almacenar sus preferencias en su computadora.<br \/>\nUna cookie es una cadena de informaci\u00f3n que un sitio web almacena en la computadora de un visitante y que el navegador del visitante proporciona al sitio web cada vez que el visitante regresa.<br \/>\nUtilizamos cookies para ayudar a identificar y rastrear a los visitantes, su uso de nuestro sitio web y sus preferencias de acceso al sitio web.<br \/>\nNuestros visitantes que no deseen que se coloquen cookies en sus computadoras deben configurar sus navegadores para que rechacen las cookies antes de usar nuestro sitio web, con el inconveniente de que ciertas caracter\u00edsticas del sitio web pueden no funcionar correctamente sin la ayuda de cookies. <strong>C\u00f3mo utilizamos las cookies<\/strong> Utilizamos cookies por una variedad de razones que se detallan a continuaci\u00f3n.<br \/>\nDesafortunadamente, en la mayor\u00eda de los casos, no existen opciones est\u00e1ndar de la industria para deshabilitar las cookies sin deshabilitar por completo la funcionalidad y las caracter\u00edsticas que agregan a este sitio.<br \/>\nSe recomienda que deje activadas todas las cookies si no est\u00e1 seguro de si las necesita o no en caso de que se utilicen para proporcionar un servicio que utiliza. <strong>Desactivaci\u00f3n de las cookies<\/strong> Puede evitar la instalaci\u00f3n de cookies ajustando la configuraci\u00f3n de su navegador (consulte la Ayuda de su navegador para saber c\u00f3mo hacerlo).<br \/>\nTenga en cuenta que deshabilitar las cookies afectar\u00e1 la funcionalidad de este y muchos otros sitios web que visite.<br \/>\nLa desactivaci\u00f3n de las cookies suele dar lugar a la desactivaci\u00f3n de ciertas funciones y caracter\u00edsticas de este sitio.<br \/>\nPor lo tanto, se recomienda que no deshabilite las cookies.          <strong>Las cookies que establecemos<\/strong><\/p>\n<ul>\n<li>Formularios en l\u00ednea<\/li>\n<li>Datos anal\u00edticos<\/li>\n<li>Sesiones de inicio de sesi\u00f3n en el sitio<\/li>\n<li>Almacenamiento en cach\u00e9 de p\u00e1ginas<\/li>\n<\/ul>\n<p>  Cuando env\u00eda datos a trav\u00e9s de un formulario, como los que se encuentran en las p\u00e1ginas de contacto o en los formularios de comentarios, las cookies pueden configurarse para recordar sus datos de usuario para futuras correspondencias. <strong>Cookies de terceros<\/strong> En algunos casos especiales, tambi\u00e9n utilizamos cookies proporcionadas por terceros de confianza.<br \/>\nEn la siguiente secci\u00f3n se detallan las cookies de terceros que puede encontrar a trav\u00e9s de este sitio.   <\/p>\n<ul>\n<li>Este sitio utiliza Google Analytics, que es una de las soluciones de an\u00e1lisis m\u00e1s extendidas y confiables en la web para ayudarnos a comprender c\u00f3mo usa el sitio y las formas en que podemos mejorar su experiencia.<br \/>\nEstas cookies pueden rastrear cosas como el tiempo que pasa en el sitio y las p\u00e1ginas que visita para que podamos seguir produciendo contenido atractivo. <\/li>\n<li>De vez en cuando probamos nuevas funciones y hacemos cambios sutiles en la forma en que se entrega el sitio.<br \/>\nCuando todav\u00eda estamos probando nuevas funciones, estas cookies se pueden utilizar para garantizar que reciba una experiencia consistente mientras est\u00e1 en el sitio, al tiempo que nos aseguramos de comprender qu\u00e9 optimizaciones aprecian m\u00e1s nuestros usuarios. <\/li>\n<li>A medida que vendemos productos, es importante para nosotros comprender las estad\u00edsticas sobre cu\u00e1ntos de los visitantes de nuestro sitio realmente realizan una compra y, como tal, este es el tipo de datos que rastrear\u00e1n estas cookies.<br \/>\nEsto es importante para usted, ya que significa que podemos hacer predicciones comerciales precisas que nos permiten monitorear nuestros costos de publicidad y productos para garantizar el mejor precio posible. <\/li>\n<li>Tambi\u00e9n utilizamos botones y\/o complementos de redes sociales en este sitio que le permiten conectarse con su red social de varias maneras.<br \/>\nPara que estos funcionen, los siguientes sitios de redes sociales, incluidos; Facebook y Google establecer\u00e1n cookies a trav\u00e9s de nuestro sitio que pueden usarse para mejorar su perfil en su sitio o contribuir a los datos que tienen para diversos fines descritos en sus respectivas pol\u00edticas de privacidad. <\/li>\n<\/ul>\n<p>  Al continuar navegando por nuestro sitio web sin cambiar su configuraci\u00f3n de cookies, usted reconoce y acepta el uso de cookies. <strong>Informaci\u00f3n de contacto<\/strong> Si todav\u00eda est\u00e1 buscando m\u00e1s informaci\u00f3n, puede comunicarse con nosotros utilizando la siguiente informaci\u00f3n: The Insurance Specialists Inc. 514 E Euclid Ave.<br \/>\nDes Moines, IA 50313 <a class=\"keychainify-checked\" href=\"tel:515-280-1207\">515-280-1207<\/a> <\/p>\n","protected":false},"excerpt":{"rendered":"<p>Pol\u00edtica de cookies Para enriquecer su experiencia en l\u00ednea, utilizamos \u00abCookies\u00bb, tecnolog\u00edas similares y servicios proporcionados por otros para mostrar contenido personalizado, publicidad adecuada y almacenar sus preferencias  [&#8230;]<\/p>\n","protected":false},"author":1,"featured_media":0,"parent":0,"menu_order":11,"comment_status":"closed","ping_status":"closed","template":"","meta":{"footnotes":""},"class_list":["post-2587","page","type-page","status-publish","hentry"],"_links":{"self":[{"href":"https:\/\/www.insspecinc.com\/es\/wp-json\/wp\/v2\/pages\/2587","targetHints":{"allow":["GET"]}}],"collection":[{"href":"https:\/\/www.insspecinc.com\/es\/wp-json\/wp\/v2\/pages"}],"about":[{"href":"https:\/\/www.insspecinc.com\/es\/wp-json\/wp\/v2\/types\/page"}],"author":[{"embeddable":true,"href":"https:\/\/www.insspecinc.com\/es\/wp-json\/wp\/v2\/users\/1"}],"replies":[{"embeddable":true,"href":"https:\/\/www.insspecinc.com\/es\/wp-json\/wp\/v2\/comments?post=2587"}],"version-history":[{"count":0,"href":"https:\/\/www.insspecinc.com\/es\/wp-json\/wp\/v2\/pages\/2587\/revisions"}],"wp:attachment":[{"href":"https:\/\/www.insspecinc.com\/es\/wp-json\/wp\/v2\/media?parent=2587"}],"curies":[{"name":"wp","href":"https:\/\/api.w.org\/{rel}","templated":true}]}}