{"id":2588,"date":"2024-08-29T13:25:11","date_gmt":"2024-08-29T18:25:11","guid":{"rendered":"https:\/\/www.insspecinc.com\/condiciones-de-uso\/"},"modified":"2024-08-29T13:25:11","modified_gmt":"2024-08-29T18:25:11","slug":"condiciones-de-uso","status":"publish","type":"page","link":"https:\/\/www.insspecinc.com\/es\/condiciones-de-uso\/","title":{"rendered":"Condiciones de uso"},"content":{"rendered":"<p><strong>Condiciones de uso<\/strong> Estos t\u00e9rminos y condiciones describen las reglas y regulaciones para el uso de este sitio web.<br \/>\nAl acceder a este sitio web, asumimos que acepta estos t\u00e9rminos y condiciones en su totalidad.<br \/>\nNo contin\u00fae utilizando este sitio web si no acepta todos los t\u00e9rminos y condiciones establecidos en esta p\u00e1gina.<br \/>\nLa siguiente terminolog\u00eda se aplica a estos T\u00e9rminos y Condiciones, Declaraci\u00f3n de Privacidad y Aviso de Renuncia, y a cualquiera o todos los Acuerdos: \u00abCliente\u00bb, \u00abUsted\u00bb y \u00abSu\u00bb se refiere a usted, la persona que accede a este sitio web y acepta los t\u00e9rminos y condiciones de la Compa\u00f1\u00eda.<br \/>\n\u00abLa Empresa\u00bb, \u00abNosotros mismos\u00bb, \u00abNosotros\u00bb, \u00abNuestro\u00bb y \u00abNos\u00bb, se refiere a nuestra Empresa.<br \/>\n\u00abParte\u00bb, \u00abPartes\u00bb o \u00abNosotros\u00bb, se refiere tanto al Cliente como a nosotros mismos, o al Cliente o a nosotros mismos.<br \/>\nTodos los t\u00e9rminos se refieren a la oferta, aceptaci\u00f3n y consideraci\u00f3n del pago necesario para llevar a cabo el proceso de nuestra asistencia al Cliente de la manera m\u00e1s adecuada, ya sea mediante reuniones formales de una duraci\u00f3n determinada o cualquier otro medio, con el prop\u00f3sito expreso de satisfacer las necesidades del Cliente con respecto a la prestaci\u00f3n de los servicios\/productos declarados de la Compa\u00f1\u00eda.  de acuerdo con y sujeto a la ley vigente de los EE. UU.<br \/>\nCualquier uso de la terminolog\u00eda anterior u otras palabras en singular, plural, may\u00fasculas y\/o \u00e9l\/ella o ellos, se toman como intercambiables y, por lo tanto, se refieren a las mismas. <strong>Licencia<\/strong> A menos que se indique lo contrario, nosotros y\/o nuestros licenciantes poseemos los derechos de propiedad intelectual de todo el material de este sitio web.<br \/>\nTodos los derechos de propiedad intelectual est\u00e1n reservados.<br \/>\nPuede ver y\/o imprimir p\u00e1ginas para su uso personal sujeto a las restricciones establecidas en estos t\u00e9rminos y condiciones.<br \/>\nUsted no puede:            <\/p>\n<ul>\n<li>Volver a publicar material<\/li>\n<li>Vender, alquilar o sublicenciar material<\/li>\n<li>Reproducir, duplicar o copiar material<\/li>\n<li>Redistribuir contenido (a menos que el contenido est\u00e9 hecho espec\u00edficamente para la redistribuci\u00f3n).<\/li>\n<\/ul>\n<p>  Las organizaciones aprobadas pueden establecer un hiperv\u00ednculo a nuestro sitio web de la siguiente manera:  <\/p>\n<ul>\n<li>Mediante el uso de nuestra raz\u00f3n social; o<\/li>\n<li>Mediante el uso del localizador uniforme de recursos (direcci\u00f3n web) al que se vincula; o<\/li>\n<li>Mediante el uso de cualquier otra descripci\u00f3n de nuestro sitio web o material vinculado que tenga sentido dentro del contexto y el formato del contenido del sitio de la parte que vincula.<\/li>\n<\/ul>\n<p>  No se permitir\u00e1 el uso de nuestro logotipo u otra obra de arte para vincular sin un acuerdo de licencia de marca comercial. <strong>Reserva de derechos<\/strong> Nos reservamos el derecho, en cualquier momento y a nuestra entera discreci\u00f3n, de solicitarle que elimine todos los enlaces o cualquier enlace en particular a nuestro sitio web.<br \/>\nUsted se compromete a eliminar inmediatamente todos los enlaces a nuestro sitio web tras dicha solicitud.<br \/>\nTambi\u00e9n nos reservamos el derecho de modificar estos t\u00e9rminos y condiciones y su pol\u00edtica de enlaces en cualquier momento.<br \/>\nAl continuar enlazando a nuestro sitio web, usted acepta estar obligado y cumplir con estos t\u00e9rminos y condiciones de enlace. <strong>Eliminaci\u00f3n de enlaces de nuestro sitio web<\/strong> Si encuentra alg\u00fan enlace en nuestro sitio web o cualquier sitio web vinculado objetable por cualquier motivo, puede comunicarse con nosotros al respecto.<br \/>\nConsideraremos las solicitudes para eliminar enlaces, pero no tendremos ninguna obligaci\u00f3n de hacerlo ni de responderle directamente.<br \/>\nSi bien nos esforzamos por garantizar que la informaci\u00f3n de este sitio web sea correcta, no garantizamos su integridad o exactitud; Tampoco nos comprometemos a garantizar que el sitio web permanezca disponible o que el material del sitio web se mantenga actualizado. <strong>Responsabilidad del contenido<\/strong> No tendremos ninguna responsabilidad por el contenido que aparezca en su sitio web.<br \/>\nUsted se compromete a indemnizarnos y defendernos contra todas las reclamaciones que surjan de su sitio web o se basen en \u00e9l.<br \/>\nNing\u00fan enlace puede aparecer en ninguna p\u00e1gina de su sitio web o en cualquier contexto que contenga contenido o materiales que puedan interpretarse como difamatorios, obscenos o criminales, o que infrinjan, violen o promuevan la infracci\u00f3n u otra violaci\u00f3n de los derechos de terceros. <strong>Renuncia<\/strong> En la medida m\u00e1xima permitida por la ley aplicable, excluimos todas las declaraciones, garant\u00edas y condiciones relacionadas con nuestro sitio web y el uso de este sitio web (incluidas, entre otras, las garant\u00edas impl\u00edcitas por ley con respecto a la calidad satisfactoria, la idoneidad para el prop\u00f3sito y \/ o el uso de cuidado y habilidad razonables).<br \/>\nNada de lo dispuesto en este descargo de responsabilidad:          <\/p>\n<ul>\n<li>limitar o excluir nuestra responsabilidad o la suya por muerte o lesiones personales resultantes de negligencia;<\/li>\n<li>limitar o excluir nuestra responsabilidad o la suya por fraude o tergiversaci\u00f3n fraudulenta;<\/li>\n<li>limitar cualquiera de nuestras responsabilidades o las suyas de cualquier manera que no est\u00e9 permitida por la ley aplicable; o<\/li>\n<li>excluir cualquiera de nuestras responsabilidades o las suyas que no puedan ser excluidas en virtud de la ley aplicable.<\/li>\n<\/ul>\n<p>  Las limitaciones y exclusiones de responsabilidad establecidas en esta Secci\u00f3n y en otras partes de este descargo de responsabilidad:<br \/>\na) est\u00e9n sujetos a lo dispuesto en el p\u00e1rrafo anterior; y<br \/>\n(b) regir\u00e1n todas las responsabilidades que surjan en virtud de la exenci\u00f3n de responsabilidad o en relaci\u00f3n con el objeto de esta exenci\u00f3n de responsabilidad, incluidas las responsabilidades que surjan por contrato, agravio (incluida la negligencia) y por incumplimiento de obligaciones legales.<br \/>\nEn la medida en que el sitio web y la informaci\u00f3n y los servicios del sitio web se proporcionan de forma gratuita, no seremos responsables de ninguna p\u00e9rdida o da\u00f1o de ninguna naturaleza. <strong>Informaci\u00f3n de contacto<\/strong> Si todav\u00eda est\u00e1 buscando m\u00e1s informaci\u00f3n, puede comunicarse con nosotros utilizando la siguiente informaci\u00f3n: The Insurance Specialists Inc. 514 E Euclid Ave.<br \/>\nDes Moines, IA 50313 <a class=\"keychainify-checked\" href=\"tel:515-280-1207\">515-280-1207<\/a>    <\/p>\n","protected":false},"excerpt":{"rendered":"<p>Condiciones de uso Estos t\u00e9rminos y condiciones describen las reglas y regulaciones para el uso de este sitio web. Al acceder a este sitio web, asumimos que acepta  [&#8230;]<\/p>\n","protected":false},"author":1,"featured_media":0,"parent":0,"menu_order":10,"comment_status":"closed","ping_status":"closed","template":"","meta":{"footnotes":""},"class_list":["post-2588","page","type-page","status-publish","hentry"],"_links":{"self":[{"href":"https:\/\/www.insspecinc.com\/es\/wp-json\/wp\/v2\/pages\/2588","targetHints":{"allow":["GET"]}}],"collection":[{"href":"https:\/\/www.insspecinc.com\/es\/wp-json\/wp\/v2\/pages"}],"about":[{"href":"https:\/\/www.insspecinc.com\/es\/wp-json\/wp\/v2\/types\/page"}],"author":[{"embeddable":true,"href":"https:\/\/www.insspecinc.com\/es\/wp-json\/wp\/v2\/users\/1"}],"replies":[{"embeddable":true,"href":"https:\/\/www.insspecinc.com\/es\/wp-json\/wp\/v2\/comments?post=2588"}],"version-history":[{"count":0,"href":"https:\/\/www.insspecinc.com\/es\/wp-json\/wp\/v2\/pages\/2588\/revisions"}],"wp:attachment":[{"href":"https:\/\/www.insspecinc.com\/es\/wp-json\/wp\/v2\/media?parent=2588"}],"curies":[{"name":"wp","href":"https:\/\/api.w.org\/{rel}","templated":true}]}}